{"id":65,"date":"2017-06-23T00:06:40","date_gmt":"2017-06-22T22:06:40","guid":{"rendered":"http:\/\/cyberlounge.de\/geigenbau-buennagel\/?page_id=65"},"modified":"2022-01-18T09:57:17","modified_gmt":"2022-01-18T08:57:17","slug":"imprint","status":"publish","type":"page","link":"https:\/\/geigenbau-buennagel.com\/en\/imprint\/","title":{"rendered":"Imprint"},"content":{"rendered":"<p>B\u00fcnnagel GmbH<br \/>\nBreite Stra\u00dfe 99<br \/>\n50667 K\u00f6ln (Cologne)<br \/>\nGermany<\/p>\n<p>Phone: \t    \t+49 221 2576331<br \/>\nFax: \t    \t+49 221 2581938<br \/>\nE-Mail: \tgeigenbau-buennagel@t-online.de<\/p>\n<p>Managing Director:<br \/>\nHeribert B\u00fcnnagel<br \/>\nVerena B\u00fcnnagel<\/p>\n<p>VAT ID no.: DE 122785715<br \/>\nAmtsgericht K\u00f6ln<\/p>\n<p>Responsible for content:<br \/>\nHeribert B\u00fcnnagel<\/p>\n<h4 style=\"margin-top: 80px;\">Copyright<\/h4>\n<p>We hereby expressly disassociate ourselves from the content of all linked pages on our homepage and do not adopt such content as our own. This declaration applies to all external links on our website.<\/p>\n","protected":false},"excerpt":{"rendered":"<p>B\u00fcnnagel GmbH Breite Stra\u00dfe 99 50667 K\u00f6ln (Cologne) Germany Phone: +49 221 2576331 Fax: +49 221 2581938 E-Mail: geigenbau-buennagel@t-online.de Managing Director: Heribert B\u00fcnnagel Verena B\u00fcnnagel VAT ID no.: DE 122785715 Amtsgericht K\u00f6ln Responsible for content: Heribert B\u00fcnnagel Copyright We hereby expressly disassociate ourselves from the content of all linked pages on our homepage and do not adopt such content as our own. This declaration applies to all external links on [&hellip;]<\/p>\n","protected":false},"author":2,"featured_media":0,"parent":0,"menu_order":0,"comment_status":"closed","ping_status":"closed","template":"","meta":{"footnotes":""},"class_list":["post-65","page","type-page","status-publish","hentry"],"yoast_head":"<!-- This site is optimized with the Yoast SEO plugin v27.4 - https:\/\/yoast.com\/product\/yoast-seo-wordpress\/ -->\n<title>Imprint - Geigenbau B\u00fcnnagel<\/title>\n<meta name=\"robots\" content=\"index, follow, max-snippet:-1, max-image-preview:large, max-video-preview:-1\" \/>\n<link rel=\"canonical\" href=\"https:\/\/geigenbau-buennagel.com\/en\/imprint\/\" \/>\n<meta property=\"og:locale\" content=\"en_US\" \/>\n<meta property=\"og:type\" content=\"article\" \/>\n<meta property=\"og:title\" content=\"Imprint - Geigenbau B\u00fcnnagel\" \/>\n<meta property=\"og:description\" content=\"B\u00fcnnagel GmbH Breite Stra\u00dfe 99 50667 K\u00f6ln (Cologne) Germany Phone: +49 221 2576331 Fax: +49 221 2581938 E-Mail: geigenbau-buennagel@t-online.de Managing Director: Heribert B\u00fcnnagel Verena B\u00fcnnagel VAT ID no.: DE 122785715 Amtsgericht K\u00f6ln Responsible for content: Heribert B\u00fcnnagel Copyright We hereby expressly disassociate ourselves from the content of all linked pages on our homepage and do not adopt such content as our own. This declaration applies to all external links on [&hellip;]\" \/>\n<meta property=\"og:url\" content=\"https:\/\/geigenbau-buennagel.com\/en\/imprint\/\" \/>\n<meta property=\"og:site_name\" content=\"Geigenbau B\u00fcnnagel\" \/>\n<meta property=\"article:modified_time\" content=\"2022-01-18T08:57:17+00:00\" \/>\n<meta name=\"twitter:card\" content=\"summary_large_image\" \/>\n<script type=\"application\/ld+json\" class=\"yoast-schema-graph\">{\"@context\":\"https:\\\/\\\/schema.org\",\"@graph\":[{\"@type\":\"WebPage\",\"@id\":\"https:\\\/\\\/geigenbau-buennagel.com\\\/en\\\/imprint\\\/\",\"url\":\"https:\\\/\\\/geigenbau-buennagel.com\\\/en\\\/imprint\\\/\",\"name\":\"Imprint - Geigenbau B\u00fcnnagel\",\"isPartOf\":{\"@id\":\"https:\\\/\\\/geigenbau-buennagel.com\\\/en\\\/#website\"},\"datePublished\":\"2017-06-22T22:06:40+00:00\",\"dateModified\":\"2022-01-18T08:57:17+00:00\",\"inLanguage\":\"en-US\",\"potentialAction\":[{\"@type\":\"ReadAction\",\"target\":[\"https:\\\/\\\/geigenbau-buennagel.com\\\/en\\\/imprint\\\/\"]}]},{\"@type\":\"WebSite\",\"@id\":\"https:\\\/\\\/geigenbau-buennagel.com\\\/en\\\/#website\",\"url\":\"https:\\\/\\\/geigenbau-buennagel.com\\\/en\\\/\",\"name\":\"Geigenbau B\u00fcnnagel\",\"description\":\"Sale, rental, repair, restoration of high quality string instruments since 1929\",\"potentialAction\":[{\"@type\":\"SearchAction\",\"target\":{\"@type\":\"EntryPoint\",\"urlTemplate\":\"https:\\\/\\\/geigenbau-buennagel.com\\\/en\\\/?s={search_term_string}\"},\"query-input\":{\"@type\":\"PropertyValueSpecification\",\"valueRequired\":true,\"valueName\":\"search_term_string\"}}],\"inLanguage\":\"en-US\"}]}<\/script>\n<!-- \/ Yoast SEO plugin. -->","yoast_head_json":{"title":"Imprint - Geigenbau B\u00fcnnagel","robots":{"index":"index","follow":"follow","max-snippet":"max-snippet:-1","max-image-preview":"max-image-preview:large","max-video-preview":"max-video-preview:-1"},"canonical":"https:\/\/geigenbau-buennagel.com\/en\/imprint\/","og_locale":"en_US","og_type":"article","og_title":"Imprint - Geigenbau B\u00fcnnagel","og_description":"B\u00fcnnagel GmbH Breite Stra\u00dfe 99 50667 K\u00f6ln (Cologne) Germany Phone: +49 221 2576331 Fax: +49 221 2581938 E-Mail: geigenbau-buennagel@t-online.de Managing Director: Heribert B\u00fcnnagel Verena B\u00fcnnagel VAT ID no.: DE 122785715 Amtsgericht K\u00f6ln Responsible for content: Heribert B\u00fcnnagel Copyright We hereby expressly disassociate ourselves from the content of all linked pages on our homepage and do not adopt such content as our own. This declaration applies to all external links on [&hellip;]","og_url":"https:\/\/geigenbau-buennagel.com\/en\/imprint\/","og_site_name":"Geigenbau B\u00fcnnagel","article_modified_time":"2022-01-18T08:57:17+00:00","twitter_card":"summary_large_image","schema":{"@context":"https:\/\/schema.org","@graph":[{"@type":"WebPage","@id":"https:\/\/geigenbau-buennagel.com\/en\/imprint\/","url":"https:\/\/geigenbau-buennagel.com\/en\/imprint\/","name":"Imprint - Geigenbau B\u00fcnnagel","isPartOf":{"@id":"https:\/\/geigenbau-buennagel.com\/en\/#website"},"datePublished":"2017-06-22T22:06:40+00:00","dateModified":"2022-01-18T08:57:17+00:00","inLanguage":"en-US","potentialAction":[{"@type":"ReadAction","target":["https:\/\/geigenbau-buennagel.com\/en\/imprint\/"]}]},{"@type":"WebSite","@id":"https:\/\/geigenbau-buennagel.com\/en\/#website","url":"https:\/\/geigenbau-buennagel.com\/en\/","name":"Geigenbau B\u00fcnnagel","description":"Sale, rental, repair, restoration of high quality string instruments since 1929","potentialAction":[{"@type":"SearchAction","target":{"@type":"EntryPoint","urlTemplate":"https:\/\/geigenbau-buennagel.com\/en\/?s={search_term_string}"},"query-input":{"@type":"PropertyValueSpecification","valueRequired":true,"valueName":"search_term_string"}}],"inLanguage":"en-US"}]}},"_links":{"self":[{"href":"https:\/\/geigenbau-buennagel.com\/en\/wp-json\/wp\/v2\/pages\/65","targetHints":{"allow":["GET"]}}],"collection":[{"href":"https:\/\/geigenbau-buennagel.com\/en\/wp-json\/wp\/v2\/pages"}],"about":[{"href":"https:\/\/geigenbau-buennagel.com\/en\/wp-json\/wp\/v2\/types\/page"}],"author":[{"embeddable":true,"href":"https:\/\/geigenbau-buennagel.com\/en\/wp-json\/wp\/v2\/users\/2"}],"replies":[{"embeddable":true,"href":"https:\/\/geigenbau-buennagel.com\/en\/wp-json\/wp\/v2\/comments?post=65"}],"version-history":[{"count":1,"href":"https:\/\/geigenbau-buennagel.com\/en\/wp-json\/wp\/v2\/pages\/65\/revisions"}],"predecessor-version":[{"id":664,"href":"https:\/\/geigenbau-buennagel.com\/en\/wp-json\/wp\/v2\/pages\/65\/revisions\/664"}],"wp:attachment":[{"href":"https:\/\/geigenbau-buennagel.com\/en\/wp-json\/wp\/v2\/media?parent=65"}],"curies":[{"name":"wp","href":"https:\/\/api.w.org\/{rel}","templated":true}]}}