{"id":497,"date":"2017-07-06T14:14:58","date_gmt":"2017-07-06T12:14:58","guid":{"rendered":"https:\/\/geigenbau-buennagel.com\/en\/?page_id=497"},"modified":"2022-01-16T10:56:33","modified_gmt":"2022-01-16T09:56:33","slug":"press","status":"publish","type":"page","link":"https:\/\/geigenbau-buennagel.com\/en\/press\/","title":{"rendered":"Press"},"content":{"rendered":"<p><strong>Geigenbau B\u00fcnnagel was included in the city tour in Cologne<\/strong><br \/>\nTraditional Cologne company: Geigenbau B\u00fcnnagel<br \/>\n<a href=\"http:\/\/www.koeln-blick.de\/de\/EventDetails.aspx?guid=1b15297a-4a63-4cf3-b617-8977e240a2df\"  target=\"\"  target=\"_blank\" style=\"color: #AA202B;\" rel=\"noopener\" >www.koeln-blick.de<\/a><\/p>\n<hr>\n<p><img loading=\"lazy\" decoding=\"async\" src=\"https:\/\/geigenbau-buennagel.com\/en\/wp-content\/uploads\/deckblatt_2016.png\" alt=\"Musikinstrumentenbauer in Hessen, Nordrhein-Westfalen, Rheinland-Pfalz und Saarland\" width=\"171\" height=\"243\" class=\"alignleft size-full wp-image-513\" \/><strong>Musikinstrumentenbauer in Hessen, Nordrhein-Westfalen, Rheinland-Pfalz und Saarland<\/strong><br \/>\nISBN: 978-3-940311-31-3<\/p>\n<p><a href=\"http:\/\/www.dakapo-pressebuero.de\/musikinstrumentenbauer.php\"  target=\"\"  target=\"_blank\" style=\"color: #AA202B;\" rel=\"noopener\" >www.dakapo-pressebuero.de<\/a><\/p>\n<p><a href=\"http:\/\/www.dakapo-pressebuero.de\/flipbook\/2016_08_23_musikbroschuere_west\/files\/assets\/basic-html\/page-6.html\"  target=\"\"  target=\"_blank\" style=\"color: #AA202B;\" rel=\"noopener\" >2016<\/a> (2. aktualisierter Band)<br \/>\n<a href=\"http:\/\/www.dakapo-pressebuero.de\/pdf_broschueren\/dakapo_mib_nrw_saarland.pdf\"  target=\"\"  target=\"_blank\" style=\"color: #AA202B;\" rel=\"noopener\" >2008<\/a> (PDF, Page 4)<\/p>\n<div style=\"clear: both;\"><\/div>\n<hr>\n<p><img loading=\"lazy\" decoding=\"async\" src=\"https:\/\/geigenbau-buennagel.com\/en\/wp-content\/uploads\/deckblatt_1997.jpg\" alt=\"Alte Geigen und Bogen\" width=\"165\" height=\"197\" class=\"alignleft size-full wp-image-510\" \/><strong>Alte Geigen und Bogen: ausgew\u00e4hlte Meisterwerke aus dem deutschen Kulturraum<\/strong><br \/>\nvon Wolfgang B\u00fcnnagel, Josef Focht, Klaus Gr\u00fcnke, Irene Loebner, Thomas Riedmiller und Wolfgang Zunterer<br \/>\nISBN: 3000014411 9783000014413<\/p>\n<p><a href=\"http:\/\/www.worldcat.org\/title\/alte-geigen-und-bogen-ausgewahlte-meisterwerke-aus-dem-deutschen-kulturraum-violins-and-bows-of-the-past-selected-masterpieces-from-the-german-cultural-sphere\/oclc\/40054363\"  target=\"\"  target=\"_blank\" style=\"color: #AA202B;\" rel=\"noopener\" >www.worldcat.org<\/a><\/p>\n<p>Review published in: <a href=\"http:\/\/www.dasorchester.de\/de_DE\/journal\/showarticle,2050.html\"  target=\"\"  target=\"_blank\" style=\"color: #AA202B;\" rel=\"noopener\" >das Orchester 05\/1998<\/a>, Page 69 <\/p>\n<div style=\"clear: both;\"><\/div>\n<hr>\n<p><strong>Annette Otterstedt: Weiblicher Musikinstrumentenbau \u2013 eine Unm\u00f6glichkeit?<\/strong><br \/>\n1939 \u2013 Edda von Bochmann-B\u00fcnnagel \u2013 K\u00f6ln, Frau eines Geigenbauers<br \/>\n<a href=\"http:\/\/www.fembio.org\/biographie.php\/frau\/frauen\/annette-otterstedt-weiblicher-musikinstrumentenbau-eine-unmoeglichkeit\/\"  target=\"\"  target=\"_blank\" style=\"color: #AA202B;\" rel=\"noopener\" >www.fembio.org<\/a><\/p>\n<hr>\n<p><strong>Yelp<\/strong><br \/>\nCustomer ratings<br \/>\n<a href=\"https:\/\/www.yelp.com\/biz\/b\u00fcnnagel-k\u00f6ln-2\"  target=\"\"  target=\"_blank\" style=\"color: #AA202B;\" rel=\"noopener\" >www.yelp.com<\/a><\/p>\n","protected":false},"excerpt":{"rendered":"<p>Geigenbau B\u00fcnnagel was included in the city tour in Cologne Traditional Cologne company: Geigenbau B\u00fcnnagel www.koeln-blick.de Musikinstrumentenbauer in Hessen, Nordrhein-Westfalen, Rheinland-Pfalz und Saarland ISBN: 978-3-940311-31-3 www.dakapo-pressebuero.de 2016 (2. aktualisierter Band) 2008 (PDF, Page 4) Alte Geigen und Bogen: ausgew\u00e4hlte Meisterwerke aus dem deutschen Kulturraum von Wolfgang B\u00fcnnagel, Josef Focht, Klaus Gr\u00fcnke, Irene Loebner, Thomas Riedmiller und Wolfgang Zunterer ISBN: 3000014411 9783000014413 www.worldcat.org Review published in: das Orchester 05\/1998, Page 69 [&hellip;]<\/p>\n","protected":false},"author":2,"featured_media":0,"parent":0,"menu_order":0,"comment_status":"closed","ping_status":"closed","template":"","meta":{"footnotes":""},"class_list":["post-497","page","type-page","status-publish","hentry"],"yoast_head":"<!-- This site is optimized with the Yoast SEO plugin v27.4 - https:\/\/yoast.com\/product\/yoast-seo-wordpress\/ -->\n<title>Press - Geigenbau B\u00fcnnagel<\/title>\n<meta name=\"robots\" content=\"index, follow, max-snippet:-1, max-image-preview:large, max-video-preview:-1\" \/>\n<link rel=\"canonical\" href=\"https:\/\/geigenbau-buennagel.com\/en\/press\/\" \/>\n<meta property=\"og:locale\" content=\"en_US\" \/>\n<meta property=\"og:type\" content=\"article\" \/>\n<meta property=\"og:title\" content=\"Press - Geigenbau B\u00fcnnagel\" \/>\n<meta property=\"og:description\" content=\"Geigenbau B\u00fcnnagel was included in the city tour in Cologne Traditional Cologne company: Geigenbau B\u00fcnnagel www.koeln-blick.de Musikinstrumentenbauer in Hessen, Nordrhein-Westfalen, Rheinland-Pfalz und Saarland ISBN: 978-3-940311-31-3 www.dakapo-pressebuero.de 2016 (2. aktualisierter Band) 2008 (PDF, Page 4) Alte Geigen und Bogen: ausgew\u00e4hlte Meisterwerke aus dem deutschen Kulturraum von Wolfgang B\u00fcnnagel, Josef Focht, Klaus Gr\u00fcnke, Irene Loebner, Thomas Riedmiller und Wolfgang Zunterer ISBN: 3000014411 9783000014413 www.worldcat.org Review published in: das Orchester 05\/1998, Page 69 [&hellip;]\" \/>\n<meta property=\"og:url\" content=\"https:\/\/geigenbau-buennagel.com\/en\/press\/\" \/>\n<meta property=\"og:site_name\" content=\"Geigenbau B\u00fcnnagel\" \/>\n<meta property=\"article:modified_time\" content=\"2022-01-16T09:56:33+00:00\" \/>\n<meta property=\"og:image\" content=\"https:\/\/geigenbau-buennagel.com\/en\/wp-content\/uploads\/deckblatt_2016.png\" \/>\n<meta name=\"twitter:card\" content=\"summary_large_image\" \/>\n<meta name=\"twitter:label1\" content=\"Est. reading time\" \/>\n\t<meta name=\"twitter:data1\" content=\"1 minute\" \/>\n<script type=\"application\/ld+json\" class=\"yoast-schema-graph\">{\"@context\":\"https:\\\/\\\/schema.org\",\"@graph\":[{\"@type\":\"WebPage\",\"@id\":\"https:\\\/\\\/geigenbau-buennagel.com\\\/en\\\/press\\\/\",\"url\":\"https:\\\/\\\/geigenbau-buennagel.com\\\/en\\\/press\\\/\",\"name\":\"Press - Geigenbau B\u00fcnnagel\",\"isPartOf\":{\"@id\":\"https:\\\/\\\/geigenbau-buennagel.com\\\/en\\\/#website\"},\"primaryImageOfPage\":{\"@id\":\"https:\\\/\\\/geigenbau-buennagel.com\\\/en\\\/press\\\/#primaryimage\"},\"image\":{\"@id\":\"https:\\\/\\\/geigenbau-buennagel.com\\\/en\\\/press\\\/#primaryimage\"},\"thumbnailUrl\":\"https:\\\/\\\/geigenbau-buennagel.com\\\/en\\\/wp-content\\\/uploads\\\/deckblatt_2016.png\",\"datePublished\":\"2017-07-06T12:14:58+00:00\",\"dateModified\":\"2022-01-16T09:56:33+00:00\",\"inLanguage\":\"en-US\",\"potentialAction\":[{\"@type\":\"ReadAction\",\"target\":[\"https:\\\/\\\/geigenbau-buennagel.com\\\/en\\\/press\\\/\"]}]},{\"@type\":\"ImageObject\",\"inLanguage\":\"en-US\",\"@id\":\"https:\\\/\\\/geigenbau-buennagel.com\\\/en\\\/press\\\/#primaryimage\",\"url\":\"https:\\\/\\\/geigenbau-buennagel.com\\\/en\\\/wp-content\\\/uploads\\\/deckblatt_2016.png\",\"contentUrl\":\"https:\\\/\\\/geigenbau-buennagel.com\\\/en\\\/wp-content\\\/uploads\\\/deckblatt_2016.png\",\"width\":171,\"height\":243,\"caption\":\"Musikinstrumentenbauer in Hessen, Nordrhein-Westfalen, Rheinland-Pfalz und Saarland\"},{\"@type\":\"WebSite\",\"@id\":\"https:\\\/\\\/geigenbau-buennagel.com\\\/en\\\/#website\",\"url\":\"https:\\\/\\\/geigenbau-buennagel.com\\\/en\\\/\",\"name\":\"Geigenbau B\u00fcnnagel\",\"description\":\"Sale, rental, repair, restoration of high quality string instruments since 1929\",\"potentialAction\":[{\"@type\":\"SearchAction\",\"target\":{\"@type\":\"EntryPoint\",\"urlTemplate\":\"https:\\\/\\\/geigenbau-buennagel.com\\\/en\\\/?s={search_term_string}\"},\"query-input\":{\"@type\":\"PropertyValueSpecification\",\"valueRequired\":true,\"valueName\":\"search_term_string\"}}],\"inLanguage\":\"en-US\"}]}<\/script>\n<!-- \/ Yoast SEO plugin. -->","yoast_head_json":{"title":"Press - Geigenbau B\u00fcnnagel","robots":{"index":"index","follow":"follow","max-snippet":"max-snippet:-1","max-image-preview":"max-image-preview:large","max-video-preview":"max-video-preview:-1"},"canonical":"https:\/\/geigenbau-buennagel.com\/en\/press\/","og_locale":"en_US","og_type":"article","og_title":"Press - Geigenbau B\u00fcnnagel","og_description":"Geigenbau B\u00fcnnagel was included in the city tour in Cologne Traditional Cologne company: Geigenbau B\u00fcnnagel www.koeln-blick.de Musikinstrumentenbauer in Hessen, Nordrhein-Westfalen, Rheinland-Pfalz und Saarland ISBN: 978-3-940311-31-3 www.dakapo-pressebuero.de 2016 (2. aktualisierter Band) 2008 (PDF, Page 4) Alte Geigen und Bogen: ausgew\u00e4hlte Meisterwerke aus dem deutschen Kulturraum von Wolfgang B\u00fcnnagel, Josef Focht, Klaus Gr\u00fcnke, Irene Loebner, Thomas Riedmiller und Wolfgang Zunterer ISBN: 3000014411 9783000014413 www.worldcat.org Review published in: das Orchester 05\/1998, Page 69 [&hellip;]","og_url":"https:\/\/geigenbau-buennagel.com\/en\/press\/","og_site_name":"Geigenbau B\u00fcnnagel","article_modified_time":"2022-01-16T09:56:33+00:00","og_image":[{"url":"https:\/\/geigenbau-buennagel.com\/en\/wp-content\/uploads\/deckblatt_2016.png","type":"","width":"","height":""}],"twitter_card":"summary_large_image","twitter_misc":{"Est. reading time":"1 minute"},"schema":{"@context":"https:\/\/schema.org","@graph":[{"@type":"WebPage","@id":"https:\/\/geigenbau-buennagel.com\/en\/press\/","url":"https:\/\/geigenbau-buennagel.com\/en\/press\/","name":"Press - Geigenbau B\u00fcnnagel","isPartOf":{"@id":"https:\/\/geigenbau-buennagel.com\/en\/#website"},"primaryImageOfPage":{"@id":"https:\/\/geigenbau-buennagel.com\/en\/press\/#primaryimage"},"image":{"@id":"https:\/\/geigenbau-buennagel.com\/en\/press\/#primaryimage"},"thumbnailUrl":"https:\/\/geigenbau-buennagel.com\/en\/wp-content\/uploads\/deckblatt_2016.png","datePublished":"2017-07-06T12:14:58+00:00","dateModified":"2022-01-16T09:56:33+00:00","inLanguage":"en-US","potentialAction":[{"@type":"ReadAction","target":["https:\/\/geigenbau-buennagel.com\/en\/press\/"]}]},{"@type":"ImageObject","inLanguage":"en-US","@id":"https:\/\/geigenbau-buennagel.com\/en\/press\/#primaryimage","url":"https:\/\/geigenbau-buennagel.com\/en\/wp-content\/uploads\/deckblatt_2016.png","contentUrl":"https:\/\/geigenbau-buennagel.com\/en\/wp-content\/uploads\/deckblatt_2016.png","width":171,"height":243,"caption":"Musikinstrumentenbauer in Hessen, Nordrhein-Westfalen, Rheinland-Pfalz und Saarland"},{"@type":"WebSite","@id":"https:\/\/geigenbau-buennagel.com\/en\/#website","url":"https:\/\/geigenbau-buennagel.com\/en\/","name":"Geigenbau B\u00fcnnagel","description":"Sale, rental, repair, restoration of high quality string instruments since 1929","potentialAction":[{"@type":"SearchAction","target":{"@type":"EntryPoint","urlTemplate":"https:\/\/geigenbau-buennagel.com\/en\/?s={search_term_string}"},"query-input":{"@type":"PropertyValueSpecification","valueRequired":true,"valueName":"search_term_string"}}],"inLanguage":"en-US"}]}},"_links":{"self":[{"href":"https:\/\/geigenbau-buennagel.com\/en\/wp-json\/wp\/v2\/pages\/497","targetHints":{"allow":["GET"]}}],"collection":[{"href":"https:\/\/geigenbau-buennagel.com\/en\/wp-json\/wp\/v2\/pages"}],"about":[{"href":"https:\/\/geigenbau-buennagel.com\/en\/wp-json\/wp\/v2\/types\/page"}],"author":[{"embeddable":true,"href":"https:\/\/geigenbau-buennagel.com\/en\/wp-json\/wp\/v2\/users\/2"}],"replies":[{"embeddable":true,"href":"https:\/\/geigenbau-buennagel.com\/en\/wp-json\/wp\/v2\/comments?post=497"}],"version-history":[{"count":9,"href":"https:\/\/geigenbau-buennagel.com\/en\/wp-json\/wp\/v2\/pages\/497\/revisions"}],"predecessor-version":[{"id":648,"href":"https:\/\/geigenbau-buennagel.com\/en\/wp-json\/wp\/v2\/pages\/497\/revisions\/648"}],"wp:attachment":[{"href":"https:\/\/geigenbau-buennagel.com\/en\/wp-json\/wp\/v2\/media?parent=497"}],"curies":[{"name":"wp","href":"https:\/\/api.w.org\/{rel}","templated":true}]}}