{"id":26,"date":"2017-06-22T23:04:21","date_gmt":"2017-06-22T21:04:21","guid":{"rendered":"http:\/\/cyberlounge.de\/geigenbau-buennagel\/?page_id=26"},"modified":"2022-01-15T18:53:02","modified_gmt":"2022-01-15T17:53:02","slug":"partner","status":"publish","type":"page","link":"https:\/\/geigenbau-buennagel.com\/en\/partner\/","title":{"rendered":"Partner"},"content":{"rendered":"<div class=\"wpb-content-wrapper\"><p>[vc_row][vc_column width=&#8221;1\/6&#8243;][vc_single_image image=&#8221;350&#8243; img_size=&#8221;large&#8221;][\/vc_column][vc_column width=&#8221;2\/6&#8243;][vc_column_text]<br \/>\nGEWA versteht sich als Partner des Musikinstrumentenhandels und konzentriert sich auf den Bereich der mechanisch-akustischen Musikinstrumente.<\/p>\n<p><a href=\"https:\/\/www.gewamusic.com\/\"  target=\"\"  target=\"_blank\" style=\"color: #AA202B;\" rel=\"noopener\" >www.gewamusic.com<\/a><br \/>\n[\/vc_column_text][\/vc_column][vc_column width=&#8221;1\/6&#8243;][vc_single_image image=&#8221;298&#8243; img_size=&#8221;large&#8221;][\/vc_column][vc_column width=&#8221;2\/6&#8243;][vc_column_text]<br \/>\nH\u00f6fner Streichinstrumente &#038; B\u00f6gen,<br \/>\nseit \u00fcber 130 Jahren.<\/p>\n<p><a href=\"http:\/\/www.hofner-strings-bows.com\/\"  target=\"\"  target=\"_blank\" style=\"color: #AA202B;\" rel=\"noopener\" >www.hofner-strings-bows.com<\/a><br \/>\n[\/vc_column_text][\/vc_column][\/vc_row][vc_row][vc_column width=&#8221;1\/6&#8243;][vc_single_image image=&#8221;299&#8243; img_size=&#8221;large&#8221;][\/vc_column][vc_column width=&#8221;2\/6&#8243;][vc_column_text]<br \/>\nKORG&#038;MORE ist eine eigenst\u00e4ndige Division der MUSIK MEYER Distribution &#038; Marketing Group \u2013 dem f\u00fchrenden Exklusivvertrieb in der Musikinstrumentenbranche in Europa.<\/p>\n<p><a href=\"http:\/\/www.korgmore.de\/\"  target=\"\"  target=\"_blank\" style=\"color: #AA202B;\" rel=\"noopener\" >www.korgmore.de<\/a><br \/>\n[\/vc_column_text][\/vc_column][vc_column width=&#8221;1\/6&#8243;][vc_single_image image=&#8221;300&#8243; img_size=&#8221;large&#8221;][\/vc_column][vc_column width=&#8221;2\/6&#8243;][vc_column_text]<br \/>\nK\u00fcng Blockfl\u00f6tenbau<br \/>\nDie Fl\u00f6tenmanufaktur aus Schaffhausen.<\/p>\n<p><a href=\"http:\/\/www.kueng-blockfloeten.ch\/\"  target=\"\"  target=\"_blank\" style=\"color: #AA202B;\" rel=\"noopener\" >www.kueng-blockfloeten.ch<\/a><br \/>\n[\/vc_column_text][\/vc_column][\/vc_row][vc_row][vc_column width=&#8221;1\/6&#8243;][vc_single_image image=&#8221;302&#8243; img_size=&#8221;large&#8221;][\/vc_column][vc_column width=&#8221;2\/6&#8243;][vc_column_text]<br \/>\nMoeck Blockfl\u00f6ten<br \/>\nFl\u00f6tenmanufaktur mit langer Familientradition aus Celle.<\/p>\n<p><a href=\"http:\/\/www.moeck.com\/\"  target=\"\"  target=\"_blank\" style=\"color: #AA202B;\" rel=\"noopener\" >www.moeck.com<\/a><br \/>\n[\/vc_column_text][\/vc_column][vc_column width=&#8221;1\/6&#8243;][vc_single_image image=&#8221;303&#8243; img_size=&#8221;large&#8221;][\/vc_column][vc_column width=&#8221;2\/6&#8243;][vc_column_text]<br \/>\nRoderich Paesold &#8211; Streichinstrumente und B\u00f6gen<br \/>\nMade in Germany since 1848<\/p>\n<p><a href=\"http:\/\/www.paesold.com\/\"  target=\"\"  target=\"_blank\" style=\"color: #AA202B;\" rel=\"noopener\" >www.paesold.com<\/a><br \/>\n[\/vc_column_text][\/vc_column][\/vc_row][vc_row][vc_column width=&#8221;1\/6&#8243;][vc_single_image image=&#8221;306&#8243; img_size=&#8221;large&#8221;][\/vc_column][vc_column width=&#8221;2\/6&#8243;][vc_column_text]<br \/>\nPirastro &#8211; Saitenmanufaktur seit 1798<br \/>\nSaiten aus Schafsdarm, Kunststoff und Stahl.<\/p>\n<p><a href=\"http:\/\/www.pirastro.com\/\"  target=\"\"  target=\"_blank\" style=\"color: #AA202B;\" rel=\"noopener\" >www.pirastro.com<\/a><br \/>\n[\/vc_column_text][\/vc_column][vc_column width=&#8221;1\/6&#8243;][vc_single_image image=&#8221;307&#8243; img_size=&#8221;large&#8221;][\/vc_column][vc_column width=&#8221;2\/6&#8243;][vc_column_text]<br \/>\nJakob Wnter<br \/>\nEdle Etuis f\u00fcr Musikinstrumente in h\u00f6chster Qualit\u00e4t<\/p>\n<p><a href=\"http:\/\/www.jakobwinter.de\/\"  target=\"\"  target=\"_blank\" style=\"color: #AA202B;\" rel=\"noopener\" >www.jakobwinter.de<\/a><br \/>\n[\/vc_column_text][\/vc_column][\/vc_row][vc_row][vc_column width=&#8221;1\/6&#8243;][vc_single_image image=&#8221;309&#8243; img_size=&#8221;large&#8221;][\/vc_column][vc_column width=&#8221;2\/6&#8243;][vc_column_text]<br \/>\nDie Stiftung Eben-Ezer ist eine diakonische Einrichtung f\u00fcr Menschen mit geistiger Behinderung und Menschen mit psychischen Beeintr\u00e4chtigungen.<\/p>\n<p><a href=\"https:\/\/www.eben-ezer.de\/\"  target=\"\"  target=\"_blank\" style=\"color: #AA202B;\" rel=\"noopener\" >www.eben-ezer.de<\/a><br \/>\n[\/vc_column_text][\/vc_column][vc_column width=&#8221;1\/6&#8243;][vc_column_text]<br \/>\n&nbsp;[\/vc_column_text][\/vc_column][vc_column width=&#8221;2\/6&#8243;][vc_column_text]<\/p>\n<p>[\/vc_column_text][\/vc_column][\/vc_row]<\/p>\n<\/div>","protected":false},"excerpt":{"rendered":"<p>[vc_row][vc_column width=&#8221;1\/6&#8243;][vc_single_image image=&#8221;350&#8243; img_size=&#8221;large&#8221;][\/vc_column][vc_column width=&#8221;2\/6&#8243;][vc_column_text] GEWA versteht sich als Partner des Musikinstrumentenhandels und konzentriert sich auf den Bereich der mechanisch-akustischen Musikinstrumente. www.gewamusic.com [\/vc_column_text][\/vc_column][vc_column width=&#8221;1\/6&#8243;][vc_single_image image=&#8221;298&#8243; img_size=&#8221;large&#8221;][\/vc_column][vc_column width=&#8221;2\/6&#8243;][vc_column_text] H\u00f6fner Streichinstrumente &#038; B\u00f6gen, seit \u00fcber 130 Jahren. www.hofner-strings-bows.com [\/vc_column_text][\/vc_column][\/vc_row][vc_row][vc_column width=&#8221;1\/6&#8243;][vc_single_image image=&#8221;299&#8243; img_size=&#8221;large&#8221;][\/vc_column][vc_column width=&#8221;2\/6&#8243;][vc_column_text] KORG&#038;MORE ist eine eigenst\u00e4ndige Division der MUSIK MEYER Distribution &#038; Marketing Group \u2013 dem f\u00fchrenden Exklusivvertrieb in der Musikinstrumentenbranche in Europa. www.korgmore.de [\/vc_column_text][\/vc_column][vc_column width=&#8221;1\/6&#8243;][vc_single_image image=&#8221;300&#8243; img_size=&#8221;large&#8221;][\/vc_column][vc_column width=&#8221;2\/6&#8243;][vc_column_text] K\u00fcng Blockfl\u00f6tenbau [&hellip;]<\/p>\n","protected":false},"author":2,"featured_media":0,"parent":0,"menu_order":0,"comment_status":"closed","ping_status":"closed","template":"","meta":{"footnotes":""},"class_list":["post-26","page","type-page","status-publish","hentry"],"yoast_head":"<!-- This site is optimized with the Yoast SEO plugin v27.3 - https:\/\/yoast.com\/product\/yoast-seo-wordpress\/ -->\n<title>Partner - Geigenbau B\u00fcnnagel<\/title>\n<meta name=\"robots\" content=\"index, follow, max-snippet:-1, max-image-preview:large, max-video-preview:-1\" \/>\n<link rel=\"canonical\" href=\"https:\/\/geigenbau-buennagel.com\/en\/partner\/\" \/>\n<meta property=\"og:locale\" content=\"en_US\" \/>\n<meta property=\"og:type\" content=\"article\" \/>\n<meta property=\"og:title\" content=\"Partner - Geigenbau B\u00fcnnagel\" \/>\n<meta property=\"og:description\" content=\"[vc_row][vc_column width=&#8221;1\/6&#8243;][vc_single_image image=&#8221;350&#8243; img_size=&#8221;large&#8221;][\/vc_column][vc_column width=&#8221;2\/6&#8243;][vc_column_text] GEWA versteht sich als Partner des Musikinstrumentenhandels und konzentriert sich auf den Bereich der mechanisch-akustischen Musikinstrumente. www.gewamusic.com [\/vc_column_text][\/vc_column][vc_column width=&#8221;1\/6&#8243;][vc_single_image image=&#8221;298&#8243; img_size=&#8221;large&#8221;][\/vc_column][vc_column width=&#8221;2\/6&#8243;][vc_column_text] H\u00f6fner Streichinstrumente &#038; B\u00f6gen, seit \u00fcber 130 Jahren. www.hofner-strings-bows.com [\/vc_column_text][\/vc_column][\/vc_row][vc_row][vc_column width=&#8221;1\/6&#8243;][vc_single_image image=&#8221;299&#8243; img_size=&#8221;large&#8221;][\/vc_column][vc_column width=&#8221;2\/6&#8243;][vc_column_text] KORG&#038;MORE ist eine eigenst\u00e4ndige Division der MUSIK MEYER Distribution &#038; Marketing Group \u2013 dem f\u00fchrenden Exklusivvertrieb in der Musikinstrumentenbranche in Europa. www.korgmore.de [\/vc_column_text][\/vc_column][vc_column width=&#8221;1\/6&#8243;][vc_single_image image=&#8221;300&#8243; img_size=&#8221;large&#8221;][\/vc_column][vc_column width=&#8221;2\/6&#8243;][vc_column_text] K\u00fcng Blockfl\u00f6tenbau [&hellip;]\" \/>\n<meta property=\"og:url\" content=\"https:\/\/geigenbau-buennagel.com\/en\/partner\/\" \/>\n<meta property=\"og:site_name\" content=\"Geigenbau B\u00fcnnagel\" \/>\n<meta property=\"article:modified_time\" content=\"2022-01-15T17:53:02+00:00\" \/>\n<meta name=\"twitter:card\" content=\"summary_large_image\" \/>\n<meta name=\"twitter:label1\" content=\"Est. reading time\" \/>\n\t<meta name=\"twitter:data1\" content=\"2 minutes\" \/>\n<script type=\"application\/ld+json\" class=\"yoast-schema-graph\">{\"@context\":\"https:\\\/\\\/schema.org\",\"@graph\":[{\"@type\":\"WebPage\",\"@id\":\"https:\\\/\\\/geigenbau-buennagel.com\\\/en\\\/partner\\\/\",\"url\":\"https:\\\/\\\/geigenbau-buennagel.com\\\/en\\\/partner\\\/\",\"name\":\"Partner - Geigenbau B\u00fcnnagel\",\"isPartOf\":{\"@id\":\"https:\\\/\\\/geigenbau-buennagel.com\\\/en\\\/#website\"},\"datePublished\":\"2017-06-22T21:04:21+00:00\",\"dateModified\":\"2022-01-15T17:53:02+00:00\",\"inLanguage\":\"en-US\",\"potentialAction\":[{\"@type\":\"ReadAction\",\"target\":[\"https:\\\/\\\/geigenbau-buennagel.com\\\/en\\\/partner\\\/\"]}]},{\"@type\":\"WebSite\",\"@id\":\"https:\\\/\\\/geigenbau-buennagel.com\\\/en\\\/#website\",\"url\":\"https:\\\/\\\/geigenbau-buennagel.com\\\/en\\\/\",\"name\":\"Geigenbau B\u00fcnnagel\",\"description\":\"Sale, rental, repair, restoration of high quality string instruments since 1929\",\"potentialAction\":[{\"@type\":\"SearchAction\",\"target\":{\"@type\":\"EntryPoint\",\"urlTemplate\":\"https:\\\/\\\/geigenbau-buennagel.com\\\/en\\\/?s={search_term_string}\"},\"query-input\":{\"@type\":\"PropertyValueSpecification\",\"valueRequired\":true,\"valueName\":\"search_term_string\"}}],\"inLanguage\":\"en-US\"}]}<\/script>\n<!-- \/ Yoast SEO plugin. -->","yoast_head_json":{"title":"Partner - Geigenbau B\u00fcnnagel","robots":{"index":"index","follow":"follow","max-snippet":"max-snippet:-1","max-image-preview":"max-image-preview:large","max-video-preview":"max-video-preview:-1"},"canonical":"https:\/\/geigenbau-buennagel.com\/en\/partner\/","og_locale":"en_US","og_type":"article","og_title":"Partner - Geigenbau B\u00fcnnagel","og_description":"[vc_row][vc_column width=&#8221;1\/6&#8243;][vc_single_image image=&#8221;350&#8243; img_size=&#8221;large&#8221;][\/vc_column][vc_column width=&#8221;2\/6&#8243;][vc_column_text] GEWA versteht sich als Partner des Musikinstrumentenhandels und konzentriert sich auf den Bereich der mechanisch-akustischen Musikinstrumente. www.gewamusic.com [\/vc_column_text][\/vc_column][vc_column width=&#8221;1\/6&#8243;][vc_single_image image=&#8221;298&#8243; img_size=&#8221;large&#8221;][\/vc_column][vc_column width=&#8221;2\/6&#8243;][vc_column_text] H\u00f6fner Streichinstrumente &#038; B\u00f6gen, seit \u00fcber 130 Jahren. www.hofner-strings-bows.com [\/vc_column_text][\/vc_column][\/vc_row][vc_row][vc_column width=&#8221;1\/6&#8243;][vc_single_image image=&#8221;299&#8243; img_size=&#8221;large&#8221;][\/vc_column][vc_column width=&#8221;2\/6&#8243;][vc_column_text] KORG&#038;MORE ist eine eigenst\u00e4ndige Division der MUSIK MEYER Distribution &#038; Marketing Group \u2013 dem f\u00fchrenden Exklusivvertrieb in der Musikinstrumentenbranche in Europa. www.korgmore.de [\/vc_column_text][\/vc_column][vc_column width=&#8221;1\/6&#8243;][vc_single_image image=&#8221;300&#8243; img_size=&#8221;large&#8221;][\/vc_column][vc_column width=&#8221;2\/6&#8243;][vc_column_text] K\u00fcng Blockfl\u00f6tenbau [&hellip;]","og_url":"https:\/\/geigenbau-buennagel.com\/en\/partner\/","og_site_name":"Geigenbau B\u00fcnnagel","article_modified_time":"2022-01-15T17:53:02+00:00","twitter_card":"summary_large_image","twitter_misc":{"Est. reading time":"2 minutes"},"schema":{"@context":"https:\/\/schema.org","@graph":[{"@type":"WebPage","@id":"https:\/\/geigenbau-buennagel.com\/en\/partner\/","url":"https:\/\/geigenbau-buennagel.com\/en\/partner\/","name":"Partner - Geigenbau B\u00fcnnagel","isPartOf":{"@id":"https:\/\/geigenbau-buennagel.com\/en\/#website"},"datePublished":"2017-06-22T21:04:21+00:00","dateModified":"2022-01-15T17:53:02+00:00","inLanguage":"en-US","potentialAction":[{"@type":"ReadAction","target":["https:\/\/geigenbau-buennagel.com\/en\/partner\/"]}]},{"@type":"WebSite","@id":"https:\/\/geigenbau-buennagel.com\/en\/#website","url":"https:\/\/geigenbau-buennagel.com\/en\/","name":"Geigenbau B\u00fcnnagel","description":"Sale, rental, repair, restoration of high quality string instruments since 1929","potentialAction":[{"@type":"SearchAction","target":{"@type":"EntryPoint","urlTemplate":"https:\/\/geigenbau-buennagel.com\/en\/?s={search_term_string}"},"query-input":{"@type":"PropertyValueSpecification","valueRequired":true,"valueName":"search_term_string"}}],"inLanguage":"en-US"}]}},"_links":{"self":[{"href":"https:\/\/geigenbau-buennagel.com\/en\/wp-json\/wp\/v2\/pages\/26","targetHints":{"allow":["GET"]}}],"collection":[{"href":"https:\/\/geigenbau-buennagel.com\/en\/wp-json\/wp\/v2\/pages"}],"about":[{"href":"https:\/\/geigenbau-buennagel.com\/en\/wp-json\/wp\/v2\/types\/page"}],"author":[{"embeddable":true,"href":"https:\/\/geigenbau-buennagel.com\/en\/wp-json\/wp\/v2\/users\/2"}],"replies":[{"embeddable":true,"href":"https:\/\/geigenbau-buennagel.com\/en\/wp-json\/wp\/v2\/comments?post=26"}],"version-history":[{"count":1,"href":"https:\/\/geigenbau-buennagel.com\/en\/wp-json\/wp\/v2\/pages\/26\/revisions"}],"predecessor-version":[{"id":588,"href":"https:\/\/geigenbau-buennagel.com\/en\/wp-json\/wp\/v2\/pages\/26\/revisions\/588"}],"wp:attachment":[{"href":"https:\/\/geigenbau-buennagel.com\/en\/wp-json\/wp\/v2\/media?parent=26"}],"curies":[{"name":"wp","href":"https:\/\/api.w.org\/{rel}","templated":true}]}}