{"id":7,"date":"2017-06-22T22:54:55","date_gmt":"2017-06-22T20:54:55","guid":{"rendered":"http:\/\/cyberlounge.de\/geigenbau-buennagel\/?page_id=7"},"modified":"2017-07-26T16:09:54","modified_gmt":"2017-07-26T14:09:54","slug":"neubau","status":"publish","type":"page","link":"https:\/\/geigenbau-buennagel.com\/de\/neubau\/","title":{"rendered":"Neubau"},"content":{"rendered":"<div class=\"wpb-content-wrapper\">[vc_row][vc_column width=&#8220;1\/2&#8243;][vc_column_text]\n<h2>Haben Streichinstrumente eine Seele?<\/h2>\n<p>Haben Gegenst\u00e4nde eine Seele? Manchmal m\u00f6chte man es glauben, wenn man sieht, wie viel Liebe unseren Neubauten entgegen gebracht wird. Sie sind als h\u00f6chste Handwerkskunst eine Hommage an die Welt der Musik.<\/p>\n<p>Entdecken auch Sie Ihr pers\u00f6nliches Exemplar \u2013 mit individueller, professioneller Beratung bieten wir Ihnen immer das passende Instrument.<\/p>\n<p>&nbsp;<\/p>\n<h2>Geigenbauhandwerk<\/h2>\n<p>Kunst geho\u0308rt nach wie vor zum guten Ton.<\/p>\n<p>Der Musik verdanken wir, dass ho\u0308rbare Kunst in einer schier unerscho\u0308pflichen Vielfalt Ausdruck findet. Das Geigenbauhandwerk leistet dabei in seiner eigenen Weise einen wesentlichen Beitrag zum kulturellen Leben der Gesellschaft.<\/p>\n<p>Die Herstellung von Violine, Bratsche und Cello ist seit Jahrhunderten u\u0308berliefert. U\u0308ber 500 Arbeitsschritte sind notwendig, bis \u2013 je nach Gu\u0308te \u2013 in etwa 3 Monaten und la\u0308nger ein exklusives Streichinstrument entsteht.<br \/>\n[\/vc_column_text][\/vc_column][vc_column width=&#8220;1\/2&#8243;]<img loading=\"lazy\" decoding=\"async\" width=\"605\" height=\"650\" src=\"https:\/\/geigenbau-buennagel.com\/de\/wp-content\/uploads\/2017\/06\/impressum.jpg\" alt=\"Abgelagertes Holz f\u00fcr den Geigenbau\" class=\"alignnone size-full wp-image-71\" srcset=\"https:\/\/geigenbau-buennagel.com\/de\/wp-content\/uploads\/2017\/06\/impressum.jpg 605w, https:\/\/geigenbau-buennagel.com\/de\/wp-content\/uploads\/2017\/06\/impressum-279x300.jpg 279w, https:\/\/geigenbau-buennagel.com\/de\/wp-content\/uploads\/2017\/06\/impressum-450x483.jpg 450w\" sizes=\"(max-width: 605px) 100vw, 605px\" \/>[\/vc_column][\/vc_row]\n<\/div>","protected":false},"excerpt":{"rendered":"<p>[vc_row][vc_column width=&#8220;1\/2&#8243;][vc_column_text] Haben Streichinstrumente eine Seele? Haben Gegenst\u00e4nde eine Seele? Manchmal m\u00f6chte man es glauben, wenn man sieht, wie viel Liebe unseren Neubauten entgegen gebracht wird. Sie sind als h\u00f6chste Handwerkskunst eine Hommage an die Welt der Musik. Entdecken auch Sie Ihr pers\u00f6nliches Exemplar \u2013 mit individueller, professioneller Beratung bieten wir Ihnen immer das passende Instrument. &nbsp; Geigenbauhandwerk Kunst geho\u0308rt nach wie vor zum guten Ton. Der Musik verdanken wir, [&hellip;]<\/p>\n","protected":false},"author":2,"featured_media":0,"parent":0,"menu_order":0,"comment_status":"closed","ping_status":"closed","template":"","meta":{"footnotes":""},"class_list":["post-7","page","type-page","status-publish","hentry"],"yoast_head":"<!-- This site is optimized with the Yoast SEO plugin v25.6 - https:\/\/yoast.com\/wordpress\/plugins\/seo\/ -->\n<title>Neubau - Geigenbau B\u00fcnnagel<\/title>\n<meta name=\"description\" content=\"Entdecken auch Sie Ihr pers\u00f6nliches Exemplar \u2013 mit individueller, professioneller Beratung bieten wir Ihnen immer das passende Instrument.\" \/>\n<meta name=\"robots\" content=\"index, follow, max-snippet:-1, max-image-preview:large, max-video-preview:-1\" \/>\n<link rel=\"canonical\" href=\"https:\/\/geigenbau-buennagel.com\/de\/neubau\/\" \/>\n<meta property=\"og:locale\" content=\"de_DE\" \/>\n<meta property=\"og:type\" content=\"article\" \/>\n<meta property=\"og:title\" content=\"Neubau - Geigenbau B\u00fcnnagel\" \/>\n<meta property=\"og:description\" content=\"Entdecken auch Sie Ihr pers\u00f6nliches Exemplar \u2013 mit individueller, professioneller Beratung bieten wir Ihnen immer das passende Instrument.\" \/>\n<meta property=\"og:url\" content=\"https:\/\/geigenbau-buennagel.com\/de\/neubau\/\" \/>\n<meta property=\"og:site_name\" content=\"Geigenbau B\u00fcnnagel\" \/>\n<meta property=\"article:modified_time\" content=\"2017-07-26T14:09:54+00:00\" \/>\n<meta property=\"og:image\" content=\"https:\/\/geigenbau-buennagel.com\/de\/wp-content\/uploads\/2017\/06\/impressum.jpg\" \/>\n<meta name=\"twitter:card\" content=\"summary_large_image\" \/>\n<meta name=\"twitter:label1\" content=\"Gesch\u00e4tzte Lesezeit\" \/>\n\t<meta name=\"twitter:data1\" content=\"1\u00a0Minute\" \/>\n<script type=\"application\/ld+json\" class=\"yoast-schema-graph\">{\"@context\":\"https:\/\/schema.org\",\"@graph\":[{\"@type\":\"WebPage\",\"@id\":\"https:\/\/geigenbau-buennagel.com\/de\/neubau\/\",\"url\":\"https:\/\/geigenbau-buennagel.com\/de\/neubau\/\",\"name\":\"Neubau - Geigenbau B\u00fcnnagel\",\"isPartOf\":{\"@id\":\"https:\/\/geigenbau-buennagel.com\/de\/#website\"},\"primaryImageOfPage\":{\"@id\":\"https:\/\/geigenbau-buennagel.com\/de\/neubau\/#primaryimage\"},\"image\":{\"@id\":\"https:\/\/geigenbau-buennagel.com\/de\/neubau\/#primaryimage\"},\"thumbnailUrl\":\"https:\/\/geigenbau-buennagel.com\/de\/wp-content\/uploads\/2017\/06\/impressum.jpg\",\"datePublished\":\"2017-06-22T20:54:55+00:00\",\"dateModified\":\"2017-07-26T14:09:54+00:00\",\"description\":\"Entdecken auch Sie Ihr pers\u00f6nliches Exemplar \u2013 mit individueller, professioneller Beratung bieten wir Ihnen immer das passende Instrument.\",\"inLanguage\":\"de\",\"potentialAction\":[{\"@type\":\"ReadAction\",\"target\":[\"https:\/\/geigenbau-buennagel.com\/de\/neubau\/\"]}]},{\"@type\":\"ImageObject\",\"inLanguage\":\"de\",\"@id\":\"https:\/\/geigenbau-buennagel.com\/de\/neubau\/#primaryimage\",\"url\":\"https:\/\/geigenbau-buennagel.com\/de\/wp-content\/uploads\/2017\/06\/impressum.jpg\",\"contentUrl\":\"https:\/\/geigenbau-buennagel.com\/de\/wp-content\/uploads\/2017\/06\/impressum.jpg\",\"width\":605,\"height\":650,\"caption\":\"Abgelagertes Holz f\u00fcr den Geigenbau f\u00fcr den\"},{\"@type\":\"WebSite\",\"@id\":\"https:\/\/geigenbau-buennagel.com\/de\/#website\",\"url\":\"https:\/\/geigenbau-buennagel.com\/de\/\",\"name\":\"Geigenbau B\u00fcnnagel\",\"description\":\"Verkauf, Verleih, Reparatur, Restauration hochwertiger Streichinstrumente seit 1929\",\"potentialAction\":[{\"@type\":\"SearchAction\",\"target\":{\"@type\":\"EntryPoint\",\"urlTemplate\":\"https:\/\/geigenbau-buennagel.com\/de\/?s={search_term_string}\"},\"query-input\":{\"@type\":\"PropertyValueSpecification\",\"valueRequired\":true,\"valueName\":\"search_term_string\"}}],\"inLanguage\":\"de\"}]}<\/script>\n<!-- \/ Yoast SEO plugin. -->","yoast_head_json":{"title":"Neubau - Geigenbau B\u00fcnnagel","description":"Entdecken auch Sie Ihr pers\u00f6nliches Exemplar \u2013 mit individueller, professioneller Beratung bieten wir Ihnen immer das passende Instrument.","robots":{"index":"index","follow":"follow","max-snippet":"max-snippet:-1","max-image-preview":"max-image-preview:large","max-video-preview":"max-video-preview:-1"},"canonical":"https:\/\/geigenbau-buennagel.com\/de\/neubau\/","og_locale":"de_DE","og_type":"article","og_title":"Neubau - Geigenbau B\u00fcnnagel","og_description":"Entdecken auch Sie Ihr pers\u00f6nliches Exemplar \u2013 mit individueller, professioneller Beratung bieten wir Ihnen immer das passende Instrument.","og_url":"https:\/\/geigenbau-buennagel.com\/de\/neubau\/","og_site_name":"Geigenbau B\u00fcnnagel","article_modified_time":"2017-07-26T14:09:54+00:00","og_image":[{"url":"https:\/\/geigenbau-buennagel.com\/de\/wp-content\/uploads\/2017\/06\/impressum.jpg","type":"","width":"","height":""}],"twitter_card":"summary_large_image","twitter_misc":{"Gesch\u00e4tzte Lesezeit":"1\u00a0Minute"},"schema":{"@context":"https:\/\/schema.org","@graph":[{"@type":"WebPage","@id":"https:\/\/geigenbau-buennagel.com\/de\/neubau\/","url":"https:\/\/geigenbau-buennagel.com\/de\/neubau\/","name":"Neubau - Geigenbau B\u00fcnnagel","isPartOf":{"@id":"https:\/\/geigenbau-buennagel.com\/de\/#website"},"primaryImageOfPage":{"@id":"https:\/\/geigenbau-buennagel.com\/de\/neubau\/#primaryimage"},"image":{"@id":"https:\/\/geigenbau-buennagel.com\/de\/neubau\/#primaryimage"},"thumbnailUrl":"https:\/\/geigenbau-buennagel.com\/de\/wp-content\/uploads\/2017\/06\/impressum.jpg","datePublished":"2017-06-22T20:54:55+00:00","dateModified":"2017-07-26T14:09:54+00:00","description":"Entdecken auch Sie Ihr pers\u00f6nliches Exemplar \u2013 mit individueller, professioneller Beratung bieten wir Ihnen immer das passende Instrument.","inLanguage":"de","potentialAction":[{"@type":"ReadAction","target":["https:\/\/geigenbau-buennagel.com\/de\/neubau\/"]}]},{"@type":"ImageObject","inLanguage":"de","@id":"https:\/\/geigenbau-buennagel.com\/de\/neubau\/#primaryimage","url":"https:\/\/geigenbau-buennagel.com\/de\/wp-content\/uploads\/2017\/06\/impressum.jpg","contentUrl":"https:\/\/geigenbau-buennagel.com\/de\/wp-content\/uploads\/2017\/06\/impressum.jpg","width":605,"height":650,"caption":"Abgelagertes Holz f\u00fcr den Geigenbau f\u00fcr den"},{"@type":"WebSite","@id":"https:\/\/geigenbau-buennagel.com\/de\/#website","url":"https:\/\/geigenbau-buennagel.com\/de\/","name":"Geigenbau B\u00fcnnagel","description":"Verkauf, Verleih, Reparatur, Restauration hochwertiger Streichinstrumente seit 1929","potentialAction":[{"@type":"SearchAction","target":{"@type":"EntryPoint","urlTemplate":"https:\/\/geigenbau-buennagel.com\/de\/?s={search_term_string}"},"query-input":{"@type":"PropertyValueSpecification","valueRequired":true,"valueName":"search_term_string"}}],"inLanguage":"de"}]}},"_links":{"self":[{"href":"https:\/\/geigenbau-buennagel.com\/de\/wp-json\/wp\/v2\/pages\/7"}],"collection":[{"href":"https:\/\/geigenbau-buennagel.com\/de\/wp-json\/wp\/v2\/pages"}],"about":[{"href":"https:\/\/geigenbau-buennagel.com\/de\/wp-json\/wp\/v2\/types\/page"}],"author":[{"embeddable":true,"href":"https:\/\/geigenbau-buennagel.com\/de\/wp-json\/wp\/v2\/users\/2"}],"replies":[{"embeddable":true,"href":"https:\/\/geigenbau-buennagel.com\/de\/wp-json\/wp\/v2\/comments?post=7"}],"version-history":[{"count":0,"href":"https:\/\/geigenbau-buennagel.com\/de\/wp-json\/wp\/v2\/pages\/7\/revisions"}],"wp:attachment":[{"href":"https:\/\/geigenbau-buennagel.com\/de\/wp-json\/wp\/v2\/media?parent=7"}],"curies":[{"name":"wp","href":"https:\/\/api.w.org\/{rel}","templated":true}]}}