{"id":497,"date":"2017-07-06T14:14:58","date_gmt":"2017-07-06T12:14:58","guid":{"rendered":"https:\/\/geigenbau-buennagel.com\/de\/?page_id=497"},"modified":"2022-01-16T13:31:52","modified_gmt":"2022-01-16T12:31:52","slug":"presse","status":"publish","type":"page","link":"https:\/\/geigenbau-buennagel.com\/de\/presse\/","title":{"rendered":"Presse"},"content":{"rendered":"<p><strong>Geigenbau B\u00fcnnagel wurde aufgenommen bei der Stadtf\u00fchrung in K\u00f6ln<\/strong><br \/>\nK\u00f6lner Traditionsunternehmen: Geigenbau B\u00fcnnagel<br \/>\n<a href=\"http:\/\/www.koeln-blick.de\/de\/EventDetails.aspx?guid=1b15297a-4a63-4cf3-b617-8977e240a2df\"  target=\"_blank\"  target=\"_blank\" style=\"color: #AA202B;\" rel=\"noopener\"  class=\"wp-links-icon\">www.koeln-blick.de<\/a><\/p>\n<hr>\n<p><img loading=\"lazy\" decoding=\"async\" src=\"https:\/\/geigenbau-buennagel.com\/de\/wp-content\/uploads\/dw_2008.jpg\" alt=\"Deutsche Welle Podcast 2008\" width=\"171\" height=\"243\" class=\"alignleft size-full\" \/><\/p>\n<p><strong>Deutsche Welle<\/strong><br \/>\nPodcast vom 22.07.2008 (Interview mit Wolfgang B\u00fcnnagel ab Minute 8:36)<\/p>\n<p>Geigenbauer: Viele alte Handwerksberufe sind aufgrund der fortschreitenden industriellen Fertigung in ihrer Existenz bedroht oder bereits ganz verschwunden. Nicht so der Geigenbauer, der noch immer jeder Maschine \u00fcberlegen ist.<\/p>\n<p><a href=\"http:\/\/www.dw.com\/de\/geigenbauer\/a-347084\"  target=\"_blank\"  target=\"_blank\" style=\"color: #AA202B;\" rel=\"noopener\"  class=\"wp-links-icon\">www.dw.com\/<\/a><br \/>\n<!--[if lt IE 9]><script>document.createElement('audio');<\/script><![endif]-->\n<audio class=\"wp-audio-shortcode\" id=\"audio-497-1\" preload=\"none\" style=\"width: 100%;\" controls=\"controls\"><source type=\"audio\/mpeg\" src=\"http:\/\/radio-download.dw.com\/Events\/dwelle\/deutschkurse\/alltagsdeutsch\/00a90d22.mp3?_=1\" \/><a href=\"http:\/\/radio-download.dw.com\/Events\/dwelle\/deutschkurse\/alltagsdeutsch\/00a90d22.mp3\">http:\/\/radio-download.dw.com\/Events\/dwelle\/deutschkurse\/alltagsdeutsch\/00a90d22.mp3<\/a><\/audio>\n<div style=\"clear: both;\"><\/div>\n<hr>\n<p><img loading=\"lazy\" decoding=\"async\" src=\"https:\/\/geigenbau-buennagel.com\/de\/wp-content\/uploads\/2017\/07\/deckblatt_2016.png\" alt=\"Musikinstrumentenbauer in Hessen, Nordrhein-Westfalen, Rheinland-Pfalz und Saarland\" width=\"171\" height=\"243\" class=\"alignleft size-full wp-image-513\" \/><strong>Musikinstrumentenbauer in Hessen, Nordrhein-Westfalen, Rheinland-Pfalz und Saarland<\/strong><br \/>\nISBN: 978-3-940311-31-3<\/p>\n<p><a href=\"http:\/\/www.dakapo-pressebuero.de\/musikinstrumentenbauer.php\"  target=\"_blank\"  target=\"_blank\" style=\"color: #AA202B;\" rel=\"noopener\"  class=\"wp-links-icon\">www.dakapo-pressebuero.de<\/a><\/p>\n<p><a href=\"http:\/\/www.dakapo-pressebuero.de\/flipbook\/2016_08_23_musikbroschuere_west\/files\/assets\/basic-html\/page-6.html\"  target=\"_blank\"  target=\"_blank\" style=\"color: #AA202B;\" rel=\"noopener\"  class=\"wp-links-icon\">2016<\/a> (2. aktualisierter Band)<br \/>\n<a href=\"http:\/\/www.dakapo-pressebuero.de\/pdf_broschueren\/dakapo_mib_nrw_saarland.pdf\"  target=\"_blank\"  target=\"_blank\" style=\"color: #AA202B;\" rel=\"noopener\"  class=\"wp-links-icon\">2008<\/a> (PDF, Seite 4)<\/p>\n<div style=\"clear: both;\"><\/div>\n<hr>\n<p><img loading=\"lazy\" decoding=\"async\" src=\"https:\/\/geigenbau-buennagel.com\/de\/wp-content\/uploads\/2017\/07\/deckblatt_1997.jpg\" alt=\"Alte Geigen und Bogen\" width=\"165\" height=\"197\" class=\"alignleft size-full wp-image-510\" \/><strong>Alte Geigen und Bogen: ausgew\u00e4hlte Meisterwerke aus dem deutschen Kulturraum<\/strong><br \/>\nVon Wolfgang B\u00fcnnagel, Josef Focht, Klaus Gr\u00fcnke, Irene Loebner, Thomas Riedmiller und Wolfgang Zunterer.<br \/>\nAnl\u00e4sslich des Kongresses der Internationalen Vereinigung der Geigenbau- und Bogenmacher-Meister, 22. \u2013 24.05.1997 in K\u00f6ln.<br \/>\nISBN: 3000014411 9783000014413<\/p>\n<p><a href=\"http:\/\/www.worldcat.org\/title\/alte-geigen-und-bogen-ausgewahlte-meisterwerke-aus-dem-deutschen-kulturraum-violins-and-bows-of-the-past-selected-masterpieces-from-the-german-cultural-sphere\/oclc\/40054363\"  target=\"_blank\"  target=\"_blank\" style=\"color: #AA202B;\" rel=\"noopener\"  class=\"wp-links-icon\">www.worldcat.org<\/a><\/p>\n<p>Rezension erschienen in: <a href=\"http:\/\/www.dasorchester.de\/de_DE\/journal\/showarticle,2050.html\"  target=\"_blank\"  target=\"_blank\" style=\"color: #AA202B;\" rel=\"noopener\"  class=\"wp-links-icon\">das Orchester 05\/1998<\/a>, Seite 69 <\/p>\n<div style=\"clear: both;\"><\/div>\n<hr>\n<p><strong>Annette Otterstedt: Weiblicher Musikinstrumentenbau \u2013 eine Unm\u00f6glichkeit?<\/strong><br \/>\n1939 \u2013 Edda von Bochmann-B\u00fcnnagel \u2013 K\u00f6ln, Frau eines Geigenbauers<br \/>\n<a href=\"http:\/\/www.fembio.org\/biographie.php\/frau\/frauen\/annette-otterstedt-weiblicher-musikinstrumentenbau-eine-unmoeglichkeit\/\"  target=\"_blank\"  target=\"_blank\" style=\"color: #AA202B;\" rel=\"noopener\"  class=\"wp-links-icon\">www.fembio.org<\/a><\/p>\n<hr>\n<p><strong>Yelp<\/strong><br \/>\nKundenwertungen<br \/>\n<a href=\"https:\/\/www.yelp.de\/biz\/b%C3%BCnnagel-k%C3%B6ln\"  target=\"_blank\"  target=\"_blank\" style=\"color: #AA202B;\" rel=\"noopener\"  class=\"wp-links-icon\">www.yelp.de<\/a><\/p>\n","protected":false},"excerpt":{"rendered":"<p>Geigenbau B\u00fcnnagel wurde aufgenommen bei der Stadtf\u00fchrung in K\u00f6ln K\u00f6lner Traditionsunternehmen: Geigenbau B\u00fcnnagel www.koeln-blick.de Deutsche Welle Podcast vom 22.07.2008 (Interview mit Wolfgang B\u00fcnnagel ab Minute 8:36) Geigenbauer: Viele alte Handwerksberufe sind aufgrund der fortschreitenden industriellen Fertigung in ihrer Existenz bedroht oder bereits ganz verschwunden. Nicht so der Geigenbauer, der noch immer jeder Maschine \u00fcberlegen ist. www.dw.com\/ http:\/\/radio-download.dw.com\/Events\/dwelle\/deutschkurse\/alltagsdeutsch\/00a90d22.mp3 Musikinstrumentenbauer in Hessen, Nordrhein-Westfalen, Rheinland-Pfalz und Saarland ISBN: 978-3-940311-31-3 www.dakapo-pressebuero.de 2016 (2. aktualisierter [&hellip;]<\/p>\n","protected":false},"author":2,"featured_media":0,"parent":0,"menu_order":0,"comment_status":"closed","ping_status":"closed","template":"","meta":{"footnotes":""},"class_list":["post-497","page","type-page","status-publish","hentry"],"yoast_head":"<!-- This site is optimized with the Yoast SEO plugin v25.6 - https:\/\/yoast.com\/wordpress\/plugins\/seo\/ -->\n<title>Presse - Geigenbau B\u00fcnnagel<\/title>\n<meta name=\"description\" content=\"Berichte \u00fcber uns in der Presse\" \/>\n<meta name=\"robots\" content=\"index, follow, max-snippet:-1, max-image-preview:large, max-video-preview:-1\" \/>\n<link rel=\"canonical\" href=\"https:\/\/geigenbau-buennagel.com\/de\/presse\/\" \/>\n<meta property=\"og:locale\" content=\"de_DE\" \/>\n<meta property=\"og:type\" content=\"article\" \/>\n<meta property=\"og:title\" content=\"Presse - Geigenbau B\u00fcnnagel\" \/>\n<meta property=\"og:description\" content=\"Berichte \u00fcber uns in der Presse\" \/>\n<meta property=\"og:url\" content=\"https:\/\/geigenbau-buennagel.com\/de\/presse\/\" \/>\n<meta property=\"og:site_name\" content=\"Geigenbau B\u00fcnnagel\" \/>\n<meta property=\"article:modified_time\" content=\"2022-01-16T12:31:52+00:00\" \/>\n<meta property=\"og:image\" content=\"https:\/\/geigenbau-buennagel.com\/de\/wp-content\/uploads\/dw_2008.jpg\" \/>\n<meta name=\"twitter:card\" content=\"summary_large_image\" \/>\n<meta name=\"twitter:label1\" content=\"Gesch\u00e4tzte Lesezeit\" \/>\n\t<meta name=\"twitter:data1\" content=\"1\u00a0Minute\" \/>\n<script type=\"application\/ld+json\" class=\"yoast-schema-graph\">{\"@context\":\"https:\/\/schema.org\",\"@graph\":[{\"@type\":\"WebPage\",\"@id\":\"https:\/\/geigenbau-buennagel.com\/de\/presse\/\",\"url\":\"https:\/\/geigenbau-buennagel.com\/de\/presse\/\",\"name\":\"Presse - Geigenbau B\u00fcnnagel\",\"isPartOf\":{\"@id\":\"https:\/\/geigenbau-buennagel.com\/de\/#website\"},\"primaryImageOfPage\":{\"@id\":\"https:\/\/geigenbau-buennagel.com\/de\/presse\/#primaryimage\"},\"image\":{\"@id\":\"https:\/\/geigenbau-buennagel.com\/de\/presse\/#primaryimage\"},\"thumbnailUrl\":\"https:\/\/geigenbau-buennagel.com\/de\/wp-content\/uploads\/dw_2008.jpg\",\"datePublished\":\"2017-07-06T12:14:58+00:00\",\"dateModified\":\"2022-01-16T12:31:52+00:00\",\"description\":\"Berichte \u00fcber uns in der Presse\",\"inLanguage\":\"de\",\"potentialAction\":[{\"@type\":\"ReadAction\",\"target\":[\"https:\/\/geigenbau-buennagel.com\/de\/presse\/\"]}]},{\"@type\":\"ImageObject\",\"inLanguage\":\"de\",\"@id\":\"https:\/\/geigenbau-buennagel.com\/de\/presse\/#primaryimage\",\"url\":\"https:\/\/geigenbau-buennagel.com\/de\/wp-content\/uploads\/dw_2008.jpg\",\"contentUrl\":\"https:\/\/geigenbau-buennagel.com\/de\/wp-content\/uploads\/dw_2008.jpg\"},{\"@type\":\"WebSite\",\"@id\":\"https:\/\/geigenbau-buennagel.com\/de\/#website\",\"url\":\"https:\/\/geigenbau-buennagel.com\/de\/\",\"name\":\"Geigenbau B\u00fcnnagel\",\"description\":\"Verkauf, Verleih, Reparatur, Restauration hochwertiger Streichinstrumente seit 1929\",\"potentialAction\":[{\"@type\":\"SearchAction\",\"target\":{\"@type\":\"EntryPoint\",\"urlTemplate\":\"https:\/\/geigenbau-buennagel.com\/de\/?s={search_term_string}\"},\"query-input\":{\"@type\":\"PropertyValueSpecification\",\"valueRequired\":true,\"valueName\":\"search_term_string\"}}],\"inLanguage\":\"de\"}]}<\/script>\n<!-- \/ Yoast SEO plugin. -->","yoast_head_json":{"title":"Presse - Geigenbau B\u00fcnnagel","description":"Berichte \u00fcber uns in der Presse","robots":{"index":"index","follow":"follow","max-snippet":"max-snippet:-1","max-image-preview":"max-image-preview:large","max-video-preview":"max-video-preview:-1"},"canonical":"https:\/\/geigenbau-buennagel.com\/de\/presse\/","og_locale":"de_DE","og_type":"article","og_title":"Presse - Geigenbau B\u00fcnnagel","og_description":"Berichte \u00fcber uns in der Presse","og_url":"https:\/\/geigenbau-buennagel.com\/de\/presse\/","og_site_name":"Geigenbau B\u00fcnnagel","article_modified_time":"2022-01-16T12:31:52+00:00","og_image":[{"url":"https:\/\/geigenbau-buennagel.com\/de\/wp-content\/uploads\/dw_2008.jpg","type":"","width":"","height":""}],"twitter_card":"summary_large_image","twitter_misc":{"Gesch\u00e4tzte Lesezeit":"1\u00a0Minute"},"schema":{"@context":"https:\/\/schema.org","@graph":[{"@type":"WebPage","@id":"https:\/\/geigenbau-buennagel.com\/de\/presse\/","url":"https:\/\/geigenbau-buennagel.com\/de\/presse\/","name":"Presse - Geigenbau B\u00fcnnagel","isPartOf":{"@id":"https:\/\/geigenbau-buennagel.com\/de\/#website"},"primaryImageOfPage":{"@id":"https:\/\/geigenbau-buennagel.com\/de\/presse\/#primaryimage"},"image":{"@id":"https:\/\/geigenbau-buennagel.com\/de\/presse\/#primaryimage"},"thumbnailUrl":"https:\/\/geigenbau-buennagel.com\/de\/wp-content\/uploads\/dw_2008.jpg","datePublished":"2017-07-06T12:14:58+00:00","dateModified":"2022-01-16T12:31:52+00:00","description":"Berichte \u00fcber uns in der Presse","inLanguage":"de","potentialAction":[{"@type":"ReadAction","target":["https:\/\/geigenbau-buennagel.com\/de\/presse\/"]}]},{"@type":"ImageObject","inLanguage":"de","@id":"https:\/\/geigenbau-buennagel.com\/de\/presse\/#primaryimage","url":"https:\/\/geigenbau-buennagel.com\/de\/wp-content\/uploads\/dw_2008.jpg","contentUrl":"https:\/\/geigenbau-buennagel.com\/de\/wp-content\/uploads\/dw_2008.jpg"},{"@type":"WebSite","@id":"https:\/\/geigenbau-buennagel.com\/de\/#website","url":"https:\/\/geigenbau-buennagel.com\/de\/","name":"Geigenbau B\u00fcnnagel","description":"Verkauf, Verleih, Reparatur, Restauration hochwertiger Streichinstrumente seit 1929","potentialAction":[{"@type":"SearchAction","target":{"@type":"EntryPoint","urlTemplate":"https:\/\/geigenbau-buennagel.com\/de\/?s={search_term_string}"},"query-input":{"@type":"PropertyValueSpecification","valueRequired":true,"valueName":"search_term_string"}}],"inLanguage":"de"}]}},"_links":{"self":[{"href":"https:\/\/geigenbau-buennagel.com\/de\/wp-json\/wp\/v2\/pages\/497"}],"collection":[{"href":"https:\/\/geigenbau-buennagel.com\/de\/wp-json\/wp\/v2\/pages"}],"about":[{"href":"https:\/\/geigenbau-buennagel.com\/de\/wp-json\/wp\/v2\/types\/page"}],"author":[{"embeddable":true,"href":"https:\/\/geigenbau-buennagel.com\/de\/wp-json\/wp\/v2\/users\/2"}],"replies":[{"embeddable":true,"href":"https:\/\/geigenbau-buennagel.com\/de\/wp-json\/wp\/v2\/comments?post=497"}],"version-history":[{"count":1,"href":"https:\/\/geigenbau-buennagel.com\/de\/wp-json\/wp\/v2\/pages\/497\/revisions"}],"predecessor-version":[{"id":872,"href":"https:\/\/geigenbau-buennagel.com\/de\/wp-json\/wp\/v2\/pages\/497\/revisions\/872"}],"wp:attachment":[{"href":"https:\/\/geigenbau-buennagel.com\/de\/wp-json\/wp\/v2\/media?parent=497"}],"curies":[{"name":"wp","href":"https:\/\/api.w.org\/{rel}","templated":true}]}}