{"id":385,"date":"2017-07-03T16:40:50","date_gmt":"2017-07-03T14:40:50","guid":{"rendered":"http:\/\/cyberlounge.de\/geigenbau-buennagel\/?page_id=385"},"modified":"2022-01-15T20:47:09","modified_gmt":"2022-01-15T19:47:09","slug":"vcard","status":"publish","type":"page","link":"https:\/\/geigenbau-buennagel.com\/de\/vcard\/","title":{"rendered":"Unsere Visitenkarte als vCard"},"content":{"rendered":"<div class=\"wpb-content-wrapper\">[vc_row][vc_column][vc_column_text]Hier k\u00f6nnen Sie unsere Kontaktdaten als vCard (Buennagel.vcf) bequem in ihr Adressbuch \u00fcbertragen:<\/p>\n<div class=\" ubtn-ctn-left \"><a class=\"ubtn-link ult-adjust-bottom-margin ubtn-left ubtn-custom \" href=\"http:\/\/geigenbau-buennagel.com\/de\/wp-content\/uploads\/Buennagel.vcf\" ><button type=\"button\" id=\"ubtn-9565\"  class=\"ubtn ult-adjust-bottom-margin ult-responsive ubtn-custom ubtn-fade-bg  none  ubtn-left   tooltip-69de75506dc75\"  data-hover=\"#ffffff\" data-border-color=\"\" data-bg=\"#aa202b\" data-hover-bg=\"#3f3f3f\" data-border-hover=\"\" data-shadow-hover=\"\" data-shadow-click=\"none\" data-shadow=\"\" data-shd-shadow=\"\"  data-ultimate-target='#ubtn-9565'  data-responsive-json-new='{\"font-size\":\"desktop:18px;\",\"line-height\":\"\"}'  style=\"font-weight:normal;width:200px;min-height:30px;padding:10px 10px;border:none;background: #aa202b;color: #ffffff;\"><span class=\"ubtn-data ubtn-icon\"><i class=\"none\" style=\"font-size:32px;color:;\"><\/i><\/span><span class=\"ubtn-hover\" style=\"background-color:#3f3f3f\"><\/span><span class=\"ubtn-data ubtn-text \" >Download vCard<\/span><\/button><\/a><\/div>\n<p>&nbsp;<\/p>\n[\/vc_column_text][\/vc_column][\/vc_row][vc_row][vc_column width=&#8220;1\/3&#8243;][vc_column_text]\n<h4 style=\"text-transform: none;\"><i class=\"fa fa-desktop\" aria-hidden=\"true\"><\/i> PC<\/h4>\n<p>Die vCard downloaden und in Ihrem Mailprogramm (oder wo sie ihre Kontakte verwalten) \u00f6ffnen und dort speichern.<br \/>\n[\/vc_column_text][\/vc_column][vc_column width=&#8220;1\/3&#8243;][vc_column_text]\n<h4 style=\"text-transform: none;\"><i class=\"fa fa-android\" aria-hidden=\"true\"><\/i> Android<\/h4>\n<p>Nach dem Herunterladen die vCard \u00f6ffnen und \u00fcber &#8222;Kontakt in Konto erstellen&#8220; (gew\u00fcnschtes Adressbuch Konto ausw\u00e4hlen) importieren.<br \/>\n[\/vc_column_text][\/vc_column][vc_column width=&#8220;1\/3&#8243;][vc_column_text]\n<h4 style=\"text-transform: none;\"><i class=\"fa fa-apple\" aria-hidden=\"true\"><\/i> iPhone \/ iPad<\/h4>\n<p>Nach dem Download der vCard auf \u201cIn Kontakte \u00f6ffnen\u201d klicken und sichern.[\/vc_column_text][\/vc_column][\/vc_row]\n<\/div>","protected":false},"excerpt":{"rendered":"<p>[vc_row][vc_column][vc_column_text]Hier k\u00f6nnen Sie unsere Kontaktdaten als vCard (Buennagel.vcf) bequem in ihr Adressbuch \u00fcbertragen: &nbsp; [\/vc_column_text][\/vc_column][\/vc_row][vc_row][vc_column width=&#8220;1\/3&#8243;][vc_column_text] PC Die vCard downloaden und in Ihrem Mailprogramm (oder wo sie ihre Kontakte verwalten) \u00f6ffnen und dort speichern. [\/vc_column_text][\/vc_column][vc_column width=&#8220;1\/3&#8243;][vc_column_text] Android Nach dem Herunterladen die vCard \u00f6ffnen und \u00fcber &#8222;Kontakt in Konto erstellen&#8220; (gew\u00fcnschtes Adressbuch Konto ausw\u00e4hlen) importieren. [\/vc_column_text][\/vc_column][vc_column width=&#8220;1\/3&#8243;][vc_column_text] iPhone \/ iPad Nach dem Download der vCard auf \u201cIn Kontakte \u00f6ffnen\u201d klicken und [&hellip;]<\/p>\n","protected":false},"author":2,"featured_media":0,"parent":0,"menu_order":0,"comment_status":"closed","ping_status":"closed","template":"","meta":{"footnotes":""},"class_list":["post-385","page","type-page","status-publish","hentry"],"yoast_head":"<!-- This site is optimized with the Yoast SEO plugin v25.6 - https:\/\/yoast.com\/wordpress\/plugins\/seo\/ -->\n<title>Unsere Visitenkarte als vCard - Geigenbau B\u00fcnnagel<\/title>\n<meta name=\"robots\" content=\"index, follow, max-snippet:-1, max-image-preview:large, max-video-preview:-1\" \/>\n<link rel=\"canonical\" href=\"https:\/\/geigenbau-buennagel.com\/de\/vcard\/\" \/>\n<meta property=\"og:locale\" content=\"de_DE\" \/>\n<meta property=\"og:type\" content=\"article\" \/>\n<meta property=\"og:title\" content=\"Unsere Visitenkarte als vCard - Geigenbau B\u00fcnnagel\" \/>\n<meta property=\"og:description\" content=\"[vc_row][vc_column][vc_column_text]Hier k\u00f6nnen Sie unsere Kontaktdaten als vCard (Buennagel.vcf) bequem in ihr Adressbuch \u00fcbertragen: &nbsp; [\/vc_column_text][\/vc_column][\/vc_row][vc_row][vc_column width=&#8220;1\/3&#8243;][vc_column_text] PC Die vCard downloaden und in Ihrem Mailprogramm (oder wo sie ihre Kontakte verwalten) \u00f6ffnen und dort speichern. [\/vc_column_text][\/vc_column][vc_column width=&#8220;1\/3&#8243;][vc_column_text] Android Nach dem Herunterladen die vCard \u00f6ffnen und \u00fcber &#8222;Kontakt in Konto erstellen&#8220; (gew\u00fcnschtes Adressbuch Konto ausw\u00e4hlen) importieren. [\/vc_column_text][\/vc_column][vc_column width=&#8220;1\/3&#8243;][vc_column_text] iPhone \/ iPad Nach dem Download der vCard auf \u201cIn Kontakte \u00f6ffnen\u201d klicken und [&hellip;]\" \/>\n<meta property=\"og:url\" content=\"https:\/\/geigenbau-buennagel.com\/de\/vcard\/\" \/>\n<meta property=\"og:site_name\" content=\"Geigenbau B\u00fcnnagel\" \/>\n<meta property=\"article:modified_time\" content=\"2022-01-15T19:47:09+00:00\" \/>\n<meta name=\"twitter:card\" content=\"summary_large_image\" \/>\n<meta name=\"twitter:label1\" content=\"Gesch\u00e4tzte Lesezeit\" \/>\n\t<meta name=\"twitter:data1\" content=\"1\u00a0Minute\" \/>\n<script type=\"application\/ld+json\" class=\"yoast-schema-graph\">{\"@context\":\"https:\/\/schema.org\",\"@graph\":[{\"@type\":\"WebPage\",\"@id\":\"https:\/\/geigenbau-buennagel.com\/de\/vcard\/\",\"url\":\"https:\/\/geigenbau-buennagel.com\/de\/vcard\/\",\"name\":\"Unsere Visitenkarte als vCard - Geigenbau B\u00fcnnagel\",\"isPartOf\":{\"@id\":\"https:\/\/geigenbau-buennagel.com\/de\/#website\"},\"datePublished\":\"2017-07-03T14:40:50+00:00\",\"dateModified\":\"2022-01-15T19:47:09+00:00\",\"inLanguage\":\"de\",\"potentialAction\":[{\"@type\":\"ReadAction\",\"target\":[\"https:\/\/geigenbau-buennagel.com\/de\/vcard\/\"]}]},{\"@type\":\"WebSite\",\"@id\":\"https:\/\/geigenbau-buennagel.com\/de\/#website\",\"url\":\"https:\/\/geigenbau-buennagel.com\/de\/\",\"name\":\"Geigenbau B\u00fcnnagel\",\"description\":\"Verkauf, Verleih, Reparatur, Restauration hochwertiger Streichinstrumente seit 1929\",\"potentialAction\":[{\"@type\":\"SearchAction\",\"target\":{\"@type\":\"EntryPoint\",\"urlTemplate\":\"https:\/\/geigenbau-buennagel.com\/de\/?s={search_term_string}\"},\"query-input\":{\"@type\":\"PropertyValueSpecification\",\"valueRequired\":true,\"valueName\":\"search_term_string\"}}],\"inLanguage\":\"de\"}]}<\/script>\n<!-- \/ Yoast SEO plugin. -->","yoast_head_json":{"title":"Unsere Visitenkarte als vCard - Geigenbau B\u00fcnnagel","robots":{"index":"index","follow":"follow","max-snippet":"max-snippet:-1","max-image-preview":"max-image-preview:large","max-video-preview":"max-video-preview:-1"},"canonical":"https:\/\/geigenbau-buennagel.com\/de\/vcard\/","og_locale":"de_DE","og_type":"article","og_title":"Unsere Visitenkarte als vCard - Geigenbau B\u00fcnnagel","og_description":"[vc_row][vc_column][vc_column_text]Hier k\u00f6nnen Sie unsere Kontaktdaten als vCard (Buennagel.vcf) bequem in ihr Adressbuch \u00fcbertragen: &nbsp; [\/vc_column_text][\/vc_column][\/vc_row][vc_row][vc_column width=&#8220;1\/3&#8243;][vc_column_text] PC Die vCard downloaden und in Ihrem Mailprogramm (oder wo sie ihre Kontakte verwalten) \u00f6ffnen und dort speichern. [\/vc_column_text][\/vc_column][vc_column width=&#8220;1\/3&#8243;][vc_column_text] Android Nach dem Herunterladen die vCard \u00f6ffnen und \u00fcber &#8222;Kontakt in Konto erstellen&#8220; (gew\u00fcnschtes Adressbuch Konto ausw\u00e4hlen) importieren. [\/vc_column_text][\/vc_column][vc_column width=&#8220;1\/3&#8243;][vc_column_text] iPhone \/ iPad Nach dem Download der vCard auf \u201cIn Kontakte \u00f6ffnen\u201d klicken und [&hellip;]","og_url":"https:\/\/geigenbau-buennagel.com\/de\/vcard\/","og_site_name":"Geigenbau B\u00fcnnagel","article_modified_time":"2022-01-15T19:47:09+00:00","twitter_card":"summary_large_image","twitter_misc":{"Gesch\u00e4tzte Lesezeit":"1\u00a0Minute"},"schema":{"@context":"https:\/\/schema.org","@graph":[{"@type":"WebPage","@id":"https:\/\/geigenbau-buennagel.com\/de\/vcard\/","url":"https:\/\/geigenbau-buennagel.com\/de\/vcard\/","name":"Unsere Visitenkarte als vCard - Geigenbau B\u00fcnnagel","isPartOf":{"@id":"https:\/\/geigenbau-buennagel.com\/de\/#website"},"datePublished":"2017-07-03T14:40:50+00:00","dateModified":"2022-01-15T19:47:09+00:00","inLanguage":"de","potentialAction":[{"@type":"ReadAction","target":["https:\/\/geigenbau-buennagel.com\/de\/vcard\/"]}]},{"@type":"WebSite","@id":"https:\/\/geigenbau-buennagel.com\/de\/#website","url":"https:\/\/geigenbau-buennagel.com\/de\/","name":"Geigenbau B\u00fcnnagel","description":"Verkauf, Verleih, Reparatur, Restauration hochwertiger Streichinstrumente seit 1929","potentialAction":[{"@type":"SearchAction","target":{"@type":"EntryPoint","urlTemplate":"https:\/\/geigenbau-buennagel.com\/de\/?s={search_term_string}"},"query-input":{"@type":"PropertyValueSpecification","valueRequired":true,"valueName":"search_term_string"}}],"inLanguage":"de"}]}},"_links":{"self":[{"href":"https:\/\/geigenbau-buennagel.com\/de\/wp-json\/wp\/v2\/pages\/385"}],"collection":[{"href":"https:\/\/geigenbau-buennagel.com\/de\/wp-json\/wp\/v2\/pages"}],"about":[{"href":"https:\/\/geigenbau-buennagel.com\/de\/wp-json\/wp\/v2\/types\/page"}],"author":[{"embeddable":true,"href":"https:\/\/geigenbau-buennagel.com\/de\/wp-json\/wp\/v2\/users\/2"}],"replies":[{"embeddable":true,"href":"https:\/\/geigenbau-buennagel.com\/de\/wp-json\/wp\/v2\/comments?post=385"}],"version-history":[{"count":1,"href":"https:\/\/geigenbau-buennagel.com\/de\/wp-json\/wp\/v2\/pages\/385\/revisions"}],"predecessor-version":[{"id":856,"href":"https:\/\/geigenbau-buennagel.com\/de\/wp-json\/wp\/v2\/pages\/385\/revisions\/856"}],"wp:attachment":[{"href":"https:\/\/geigenbau-buennagel.com\/de\/wp-json\/wp\/v2\/media?parent=385"}],"curies":[{"name":"wp","href":"https:\/\/api.w.org\/{rel}","templated":true}]}}