{"id":30,"date":"2017-06-22T23:05:01","date_gmt":"2017-06-22T21:05:01","guid":{"rendered":"http:\/\/cyberlounge.de\/geigenbau-buennagel\/?page_id=30"},"modified":"2022-01-15T21:51:15","modified_gmt":"2022-01-15T20:51:15","slug":"kontakt","status":"publish","type":"page","link":"https:\/\/geigenbau-buennagel.com\/de\/kontakt\/","title":{"rendered":"Kontakt"},"content":{"rendered":"<div class=\"wpb-content-wrapper\">[vc_row][vc_column][vc_column_text]<iframe loading=\"lazy\" style=\"border: 0; margin-bottom: 10px;\" src=\"https:\/\/www.google.com\/maps\/embed?pb=!1m14!1m8!1m3!1d1257.0935176980336!2d6.94993!3d50.938754!3m2!1i1024!2i768!4f13.1!3m3!1m2!1s0x0%3A0x6c4b48b42376ed15!2sB%C3%BCnnagel+Geigenbaumeister!5e0!3m2!1sen!2sde!4v1498211194351\" width=\"100%\" height=\"450\" frameborder=\"0\" allowfullscreen=\"allowfullscreen\"><\/iframe>[\/vc_column_text][vc_column_text]<img loading=\"lazy\" decoding=\"async\" class=\"alignleft size-full\" style=\"margin-top: 0;\" src=\"https:\/\/geigenbau-buennagel.com\/de\/wp-content\/uploads\/park-icon.png\" alt=\"Parkhaus\" width=\"28\" height=\"28\" \/>Parkh\u00e4user: <a href=\"https:\/\/www.q-park.de\/de\/bei-q-park-parken\/stadt\/koln\/dumont-carre\"  target=\"_blank\"  target=\"_blank\" rel=\"noopener\"  class=\"wp-links-icon\">DuMont-Carr\u00e9<\/a>, <a href=\"http:\/\/www.koeln.de\/apps\/parken\/parkhaus\/opern_passagen\"  target=\"_blank\"  target=\"_blank\" rel=\"noopener\"  class=\"wp-links-icon\">Opern Passage<\/a>, <a href=\"http:\/\/www.koeln.de\/apps\/parken\/parkhaus\/karstadt\"  target=\"_blank\"  target=\"_blank\" rel=\"noopener\"  class=\"wp-links-icon\">Karstadt<\/a> oder <a href=\"http:\/\/www.koeln.de\/apps\/parken\/parkhaus\/wolfstrasse\"  target=\"_blank\"  target=\"_blank\" rel=\"noopener\"  class=\"wp-links-icon\">Wolfsstra\u00dfe<\/a>.[\/vc_column_text][vc_column_text]<img loading=\"lazy\" decoding=\"async\" class=\"alignleft size-full\" style=\"margin-top: 0;\" src=\"https:\/\/geigenbau-buennagel.com\/de\/wp-content\/uploads\/ubahn-icon.png\" alt=\"U-Bahn\" width=\"28\" height=\"28\" \/>U-Bahn: Haltestelle <a href=\"http:\/\/www.kvb-koeln.de\/german\/hst\/overview\/7\/\"  target=\"_blank\"  target=\"_blank\" rel=\"noopener\"  class=\"wp-links-icon\">Appellhofplatz<\/a>.[\/vc_column_text][vc_separator][vc_row_inner css=&#8220;.vc_custom_1642182740138{margin-top: 80px !important;}&#8220;][vc_column_inner width=&#8220;2\/3&#8243;][vc_column_text]\n<h1>Kontaktformular<\/h1>\n\n<div class=\"wpcf7 no-js\" id=\"wpcf7-f646-o1\" lang=\"de-DE\" dir=\"ltr\" data-wpcf7-id=\"646\">\n<div class=\"screen-reader-response\"><p role=\"status\" aria-live=\"polite\" aria-atomic=\"true\"><\/p> <ul><\/ul><\/div>\n<form action=\"\/de\/wp-json\/wp\/v2\/pages\/30#wpcf7-f646-o1\" method=\"post\" class=\"wpcf7-form init\" aria-label=\"Kontaktformular\" novalidate=\"novalidate\" data-status=\"init\">\n<div style=\"display: none;\">\n<input type=\"hidden\" name=\"_wpcf7\" value=\"646\" \/>\n<input type=\"hidden\" name=\"_wpcf7_version\" value=\"6.0.6\" \/>\n<input type=\"hidden\" name=\"_wpcf7_locale\" value=\"de_DE\" \/>\n<input type=\"hidden\" name=\"_wpcf7_unit_tag\" value=\"wpcf7-f646-o1\" \/>\n<input type=\"hidden\" name=\"_wpcf7_container_post\" value=\"0\" \/>\n<input type=\"hidden\" name=\"_wpcf7_posted_data_hash\" value=\"\" \/>\n<\/div>\n<p><label> Vorname:<br \/>\n<span class=\"wpcf7-form-control-wrap\" data-name=\"vorname\"><input size=\"40\" maxlength=\"400\" class=\"wpcf7-form-control wpcf7-text wpcf7-validates-as-required\" aria-required=\"true\" aria-invalid=\"false\" value=\"\" type=\"text\" name=\"vorname\" \/><\/span> <\/label>\n<\/p>\n<p><label> Nachname:<br \/>\n<span class=\"wpcf7-form-control-wrap\" data-name=\"nachname\"><input size=\"40\" maxlength=\"400\" class=\"wpcf7-form-control wpcf7-text wpcf7-validates-as-required\" aria-required=\"true\" aria-invalid=\"false\" value=\"\" type=\"text\" name=\"nachname\" \/><\/span> <\/label>\n<\/p>\n<p><label> E-Mail:<br \/>\n<span class=\"wpcf7-form-control-wrap\" data-name=\"email\"><input size=\"40\" maxlength=\"400\" class=\"wpcf7-form-control wpcf7-email wpcf7-validates-as-required wpcf7-text wpcf7-validates-as-email\" aria-required=\"true\" aria-invalid=\"false\" value=\"\" type=\"email\" name=\"email\" \/><\/span> <\/label>\n<\/p>\n<p><label> Telefon:<br \/>\n<span class=\"wpcf7-form-control-wrap\" data-name=\"tel-213\"><input size=\"40\" maxlength=\"400\" class=\"wpcf7-form-control wpcf7-tel wpcf7-validates-as-required wpcf7-text wpcf7-validates-as-tel\" aria-required=\"true\" aria-invalid=\"false\" value=\"\" type=\"tel\" name=\"tel-213\" \/><\/span> <\/label>\n<\/p>\n<p><label> Stra\u00dfe + Hausnr.:<br \/>\n<span class=\"wpcf7-form-control-wrap\" data-name=\"strasse\"><input size=\"40\" maxlength=\"400\" class=\"wpcf7-form-control wpcf7-text wpcf7-validates-as-required\" aria-required=\"true\" aria-invalid=\"false\" value=\"\" type=\"text\" name=\"strasse\" \/><\/span> <\/label>\n<\/p>\n<p><label> PLZ + Ort:<br \/>\n<span class=\"wpcf7-form-control-wrap\" data-name=\"plz-ort\"><input size=\"40\" maxlength=\"400\" class=\"wpcf7-form-control wpcf7-text wpcf7-validates-as-required\" aria-required=\"true\" aria-invalid=\"false\" value=\"\" type=\"text\" name=\"plz-ort\" \/><\/span> <\/label>\n<\/p>\n<p><label> Anfrage:<br \/>\n<span class=\"wpcf7-form-control-wrap\" data-name=\"checkbox-771\"><span class=\"wpcf7-form-control wpcf7-checkbox\"><span class=\"wpcf7-list-item first\"><label><input type=\"checkbox\" name=\"checkbox-771[]\" value=\"Ich brauche eine hoch professionelle Beratung f\u00fcr ein individuelles, neues Streichinstrument.\" \/><span class=\"wpcf7-list-item-label\">Ich brauche eine hoch professionelle Beratung f\u00fcr ein individuelles, neues Streichinstrument.<\/span><\/label><\/span><span class=\"wpcf7-list-item\"><label><input type=\"checkbox\" name=\"checkbox-771[]\" value=\"Ich m\u00f6chte, dass mein Streichinstrument restauriert wird.\" \/><span class=\"wpcf7-list-item-label\">Ich m\u00f6chte, dass mein Streichinstrument restauriert wird.<\/span><\/label><\/span><span class=\"wpcf7-list-item\"><label><input type=\"checkbox\" name=\"checkbox-771[]\" value=\"Ich muss mein Instrument reparieren lassen.\" \/><span class=\"wpcf7-list-item-label\">Ich muss mein Instrument reparieren lassen.<\/span><\/label><\/span><span class=\"wpcf7-list-item\"><label><input type=\"checkbox\" name=\"checkbox-771[]\" value=\"Ich plane, die Marke Geigenbau B\u00fcnnagel in meinem Orchester zu empfehlen.\" \/><span class=\"wpcf7-list-item-label\">Ich plane, die Marke Geigenbau B\u00fcnnagel in meinem Orchester zu empfehlen.<\/span><\/label><\/span><span class=\"wpcf7-list-item\"><label><input type=\"checkbox\" name=\"checkbox-771[]\" value=\"Ich m\u00f6chte mir ein Instrument ausleihen.\" \/><span class=\"wpcf7-list-item-label\">Ich m\u00f6chte mir ein Instrument ausleihen.<\/span><\/label><\/span><span class=\"wpcf7-list-item last\"><label><input type=\"checkbox\" name=\"checkbox-771[]\" value=\"Sonstige\" \/><span class=\"wpcf7-list-item-label\">Sonstige<\/span><\/label><\/span><\/span><\/span> <\/label>\n<\/p>\n<p><label> Nachricht (optional)<br \/>\n<span class=\"wpcf7-form-control-wrap\" data-name=\"message\"><textarea cols=\"40\" rows=\"10\" maxlength=\"2000\" class=\"wpcf7-form-control wpcf7-textarea\" aria-invalid=\"false\" name=\"message\"><\/textarea><\/span> <\/label>\n<\/p>\n<p><span class=\"wpcf7-form-control-wrap kc_captcha\" data-name=\"kc_captcha\"><span class=\"wpcf7-form-control wpcf7-radio\"><span class=\"captcha-image\" ><span class=\"cf7ic_instructions\">Bitte beweise, dass du kein Spambot bist und w\u00e4hle das Symbol<span> Herz<\/span>.<\/span><label><input aria-label=\"1\" type=\"radio\" name=\"kc_captcha\" value=\"kc_human\" \/><svg aria-hidden=\"true\" role=\"img\" xmlns=\"http:\/\/www.w3.org\/2000\/svg\" viewBox=\"0 0 576 512\"><path fill=\"currentColor\" d=\"M415 24c-53 0-103 42-127 65-24-23-74-65-127-65C70 24 16 77 16 166c0 72 67 133 69 135l187 181c9 8 23 8 32 0l187-180c2-3 69-64 69-136 0-89-54-142-145-142z\"\/><\/svg><\/label><label><input aria-label=\"2\" type=\"radio\" name=\"kc_captcha\" value=\"bot\" \/><svg aria-hidden=\"true\" role=\"img\" xmlns=\"http:\/\/www.w3.org\/2000\/svg\" viewBox=\"0 0 640 512\"><path fill=\"currentColor\" d=\"M624 352h-16V244c0-13-5-25-14-34L494 110c-9-9-21-14-34-14h-44V48c0-26-21-48-48-48H48C22 0 0 22 0 48v320c0 27 22 48 48 48h16a96 96 0 00192 0h128a96 96 0 00192 0h48c9 0 16-7 16-16v-32c0-9-7-16-16-16zM160 464a48 48 0 110-96 48 48 0 010 96zm320 0a48 48 0 110-96 48 48 0 010 96zm80-208H416V144h44l100 100v12z\"\/><\/svg><\/label><label><input aria-label=\"3\" type=\"radio\" name=\"kc_captcha\" value=\"bot\" \/><svg aria-hidden=\"true\" role=\"img\" xmlns=\"http:\/\/www.w3.org\/2000\/svg\" viewBox=\"0 0 384 512\"><path fill=\"currentColor\" d=\"M377 375l-83-87h34c21 0 32-25 17-40l-82-88h33c21 0 32-25 18-40L210 8c-10-11-26-11-36 0L70 120c-14 15-3 40 18 40h33l-82 88c-15 15-4 40 17 40h34L7 375c-15 16-4 41 17 41h120c0 33-11 49-34 68-12 9-5 28 10 28h144c15 0 22-19 10-28-20-16-34-32-34-68h120c21 0 32-25 17-41z\"\/><\/svg><\/label>\r\n    <\/span>\r\n    <span style=\"display:none\">\r\n        <input type=\"text\" name=\"kc_honeypot\">\r\n    <\/span><\/span><\/span>\n<\/p>\n<p><input class=\"wpcf7-form-control wpcf7-submit has-spinner\" type=\"submit\" value=\"Senden\" \/>\n<\/p><div class=\"wpcf7-response-output\" aria-hidden=\"true\"><\/div>\n<\/form>\n<\/div>\n[\/vc_column_text][\/vc_column_inner][vc_column_inner width=&#8220;1\/3&#8243;][\/vc_column_inner][\/vc_row_inner][vc_separator][vc_column_text css=&#8220;.vc_custom_1642279873670{margin-top: 80px !important;}&#8220;]\n<h1>Pressekontakt<\/h1>\n<p>E-Mail: <a style=\"color: #aa202b;\" href=\"mailto:geigenbau-buennagel@t-online.de\">geigenbau-buennagel@t-online.de<\/a><\/p>\n<p>Wir behaupten zwar ungern selbst, dass wir individuelle, beste Beratung bieten. Aber es stimmt. Den Applaus daf\u00fcr \u00fcberlassen wir lieber unseren Kunden und den Medien. Individuelle Informationen k\u00f6nnen Sie einfach \u00fcber den Pressekontakt anfordern.<\/p>\n<p><a href=\"https:\/\/geigenbau-buennagel.com\/de\/presse\/\"  >Links<\/a>[\/vc_column_text][\/vc_column][\/vc_row]\n<\/div>","protected":false},"excerpt":{"rendered":"<p>[vc_row][vc_column][vc_column_text][\/vc_column_text][vc_column_text]Parkh\u00e4user: DuMont-Carr\u00e9, Opern Passage, Karstadt oder Wolfsstra\u00dfe.[\/vc_column_text][vc_column_text]U-Bahn: Haltestelle Appellhofplatz.[\/vc_column_text][vc_separator][vc_row_inner css=&#8220;.vc_custom_1642182740138{margin-top: 80px !important;}&#8220;][vc_column_inner width=&#8220;2\/3&#8243;][vc_column_text] Kontaktformular [\/vc_column_text][\/vc_column_inner][vc_column_inner width=&#8220;1\/3&#8243;][\/vc_column_inner][\/vc_row_inner][vc_separator][vc_column_text css=&#8220;.vc_custom_1642279873670{margin-top: 80px !important;}&#8220;] Pressekontakt E-Mail: geigenbau-buennagel@t-online.de Wir behaupten zwar ungern selbst, dass wir individuelle, beste Beratung bieten. Aber es stimmt. Den Applaus daf\u00fcr \u00fcberlassen wir lieber unseren Kunden und den Medien. Individuelle Informationen k\u00f6nnen Sie einfach \u00fcber den Pressekontakt anfordern. Links[\/vc_column_text][\/vc_column][\/vc_row]<\/p>\n","protected":false},"author":2,"featured_media":0,"parent":0,"menu_order":0,"comment_status":"closed","ping_status":"closed","template":"","meta":{"footnotes":""},"class_list":["post-30","page","type-page","status-publish","hentry"],"yoast_head":"<!-- This site is optimized with the Yoast SEO plugin v25.6 - https:\/\/yoast.com\/wordpress\/plugins\/seo\/ -->\n<title>Kontakt - Geigenbau B\u00fcnnagel<\/title>\n<meta name=\"description\" content=\"Breite Stra\u00dfe 99 (n\u00e4he Oper), 50667 K\u00f6ln, Telefon: +49 (0)221 2576331\" \/>\n<meta name=\"robots\" content=\"index, follow, max-snippet:-1, max-image-preview:large, max-video-preview:-1\" \/>\n<link rel=\"canonical\" href=\"https:\/\/geigenbau-buennagel.com\/de\/kontakt\/\" \/>\n<meta property=\"og:locale\" content=\"de_DE\" \/>\n<meta property=\"og:type\" content=\"article\" \/>\n<meta property=\"og:title\" content=\"Kontakt - Geigenbau B\u00fcnnagel\" \/>\n<meta property=\"og:description\" content=\"Breite Stra\u00dfe 99 (n\u00e4he Oper), 50667 K\u00f6ln, Telefon: +49 (0)221 2576331\" \/>\n<meta property=\"og:url\" content=\"https:\/\/geigenbau-buennagel.com\/de\/kontakt\/\" \/>\n<meta property=\"og:site_name\" content=\"Geigenbau B\u00fcnnagel\" \/>\n<meta property=\"article:modified_time\" content=\"2022-01-15T20:51:15+00:00\" \/>\n<meta property=\"og:image\" content=\"https:\/\/geigenbau-buennagel.com\/de\/wp-content\/uploads\/park-icon.png\" \/>\n<meta name=\"twitter:card\" content=\"summary_large_image\" \/>\n<meta name=\"twitter:label1\" content=\"Gesch\u00e4tzte Lesezeit\" \/>\n\t<meta name=\"twitter:data1\" content=\"1\u00a0Minute\" \/>\n<script type=\"application\/ld+json\" class=\"yoast-schema-graph\">{\"@context\":\"https:\/\/schema.org\",\"@graph\":[{\"@type\":\"WebPage\",\"@id\":\"https:\/\/geigenbau-buennagel.com\/de\/kontakt\/\",\"url\":\"https:\/\/geigenbau-buennagel.com\/de\/kontakt\/\",\"name\":\"Kontakt - Geigenbau B\u00fcnnagel\",\"isPartOf\":{\"@id\":\"https:\/\/geigenbau-buennagel.com\/de\/#website\"},\"primaryImageOfPage\":{\"@id\":\"https:\/\/geigenbau-buennagel.com\/de\/kontakt\/#primaryimage\"},\"image\":{\"@id\":\"https:\/\/geigenbau-buennagel.com\/de\/kontakt\/#primaryimage\"},\"thumbnailUrl\":\"https:\/\/geigenbau-buennagel.com\/de\/wp-content\/uploads\/park-icon.png\",\"datePublished\":\"2017-06-22T21:05:01+00:00\",\"dateModified\":\"2022-01-15T20:51:15+00:00\",\"description\":\"Breite Stra\u00dfe 99 (n\u00e4he Oper), 50667 K\u00f6ln, Telefon: +49 (0)221 2576331\",\"inLanguage\":\"de\",\"potentialAction\":[{\"@type\":\"ReadAction\",\"target\":[\"https:\/\/geigenbau-buennagel.com\/de\/kontakt\/\"]}]},{\"@type\":\"ImageObject\",\"inLanguage\":\"de\",\"@id\":\"https:\/\/geigenbau-buennagel.com\/de\/kontakt\/#primaryimage\",\"url\":\"https:\/\/geigenbau-buennagel.com\/de\/wp-content\/uploads\/park-icon.png\",\"contentUrl\":\"https:\/\/geigenbau-buennagel.com\/de\/wp-content\/uploads\/park-icon.png\"},{\"@type\":\"WebSite\",\"@id\":\"https:\/\/geigenbau-buennagel.com\/de\/#website\",\"url\":\"https:\/\/geigenbau-buennagel.com\/de\/\",\"name\":\"Geigenbau B\u00fcnnagel\",\"description\":\"Verkauf, Verleih, Reparatur, Restauration hochwertiger Streichinstrumente seit 1929\",\"potentialAction\":[{\"@type\":\"SearchAction\",\"target\":{\"@type\":\"EntryPoint\",\"urlTemplate\":\"https:\/\/geigenbau-buennagel.com\/de\/?s={search_term_string}\"},\"query-input\":{\"@type\":\"PropertyValueSpecification\",\"valueRequired\":true,\"valueName\":\"search_term_string\"}}],\"inLanguage\":\"de\"}]}<\/script>\n<!-- \/ Yoast SEO plugin. -->","yoast_head_json":{"title":"Kontakt - Geigenbau B\u00fcnnagel","description":"Breite Stra\u00dfe 99 (n\u00e4he Oper), 50667 K\u00f6ln, Telefon: +49 (0)221 2576331","robots":{"index":"index","follow":"follow","max-snippet":"max-snippet:-1","max-image-preview":"max-image-preview:large","max-video-preview":"max-video-preview:-1"},"canonical":"https:\/\/geigenbau-buennagel.com\/de\/kontakt\/","og_locale":"de_DE","og_type":"article","og_title":"Kontakt - Geigenbau B\u00fcnnagel","og_description":"Breite Stra\u00dfe 99 (n\u00e4he Oper), 50667 K\u00f6ln, Telefon: +49 (0)221 2576331","og_url":"https:\/\/geigenbau-buennagel.com\/de\/kontakt\/","og_site_name":"Geigenbau B\u00fcnnagel","article_modified_time":"2022-01-15T20:51:15+00:00","og_image":[{"url":"https:\/\/geigenbau-buennagel.com\/de\/wp-content\/uploads\/park-icon.png","type":"","width":"","height":""}],"twitter_card":"summary_large_image","twitter_misc":{"Gesch\u00e4tzte Lesezeit":"1\u00a0Minute"},"schema":{"@context":"https:\/\/schema.org","@graph":[{"@type":"WebPage","@id":"https:\/\/geigenbau-buennagel.com\/de\/kontakt\/","url":"https:\/\/geigenbau-buennagel.com\/de\/kontakt\/","name":"Kontakt - Geigenbau B\u00fcnnagel","isPartOf":{"@id":"https:\/\/geigenbau-buennagel.com\/de\/#website"},"primaryImageOfPage":{"@id":"https:\/\/geigenbau-buennagel.com\/de\/kontakt\/#primaryimage"},"image":{"@id":"https:\/\/geigenbau-buennagel.com\/de\/kontakt\/#primaryimage"},"thumbnailUrl":"https:\/\/geigenbau-buennagel.com\/de\/wp-content\/uploads\/park-icon.png","datePublished":"2017-06-22T21:05:01+00:00","dateModified":"2022-01-15T20:51:15+00:00","description":"Breite Stra\u00dfe 99 (n\u00e4he Oper), 50667 K\u00f6ln, Telefon: +49 (0)221 2576331","inLanguage":"de","potentialAction":[{"@type":"ReadAction","target":["https:\/\/geigenbau-buennagel.com\/de\/kontakt\/"]}]},{"@type":"ImageObject","inLanguage":"de","@id":"https:\/\/geigenbau-buennagel.com\/de\/kontakt\/#primaryimage","url":"https:\/\/geigenbau-buennagel.com\/de\/wp-content\/uploads\/park-icon.png","contentUrl":"https:\/\/geigenbau-buennagel.com\/de\/wp-content\/uploads\/park-icon.png"},{"@type":"WebSite","@id":"https:\/\/geigenbau-buennagel.com\/de\/#website","url":"https:\/\/geigenbau-buennagel.com\/de\/","name":"Geigenbau B\u00fcnnagel","description":"Verkauf, Verleih, Reparatur, Restauration hochwertiger Streichinstrumente seit 1929","potentialAction":[{"@type":"SearchAction","target":{"@type":"EntryPoint","urlTemplate":"https:\/\/geigenbau-buennagel.com\/de\/?s={search_term_string}"},"query-input":{"@type":"PropertyValueSpecification","valueRequired":true,"valueName":"search_term_string"}}],"inLanguage":"de"}]}},"_links":{"self":[{"href":"https:\/\/geigenbau-buennagel.com\/de\/wp-json\/wp\/v2\/pages\/30"}],"collection":[{"href":"https:\/\/geigenbau-buennagel.com\/de\/wp-json\/wp\/v2\/pages"}],"about":[{"href":"https:\/\/geigenbau-buennagel.com\/de\/wp-json\/wp\/v2\/types\/page"}],"author":[{"embeddable":true,"href":"https:\/\/geigenbau-buennagel.com\/de\/wp-json\/wp\/v2\/users\/2"}],"replies":[{"embeddable":true,"href":"https:\/\/geigenbau-buennagel.com\/de\/wp-json\/wp\/v2\/comments?post=30"}],"version-history":[{"count":13,"href":"https:\/\/geigenbau-buennagel.com\/de\/wp-json\/wp\/v2\/pages\/30\/revisions"}],"predecessor-version":[{"id":869,"href":"https:\/\/geigenbau-buennagel.com\/de\/wp-json\/wp\/v2\/pages\/30\/revisions\/869"}],"wp:attachment":[{"href":"https:\/\/geigenbau-buennagel.com\/de\/wp-json\/wp\/v2\/media?parent=30"}],"curies":[{"name":"wp","href":"https:\/\/api.w.org\/{rel}","templated":true}]}}