{"id":26,"date":"2017-06-22T23:04:21","date_gmt":"2017-06-22T21:04:21","guid":{"rendered":"http:\/\/cyberlounge.de\/geigenbau-buennagel\/?page_id=26"},"modified":"2022-01-13T14:29:56","modified_gmt":"2022-01-13T13:29:56","slug":"partner","status":"publish","type":"page","link":"https:\/\/geigenbau-buennagel.com\/de\/partner\/","title":{"rendered":"Partner"},"content":{"rendered":"<div class=\"wpb-content-wrapper\">[vc_row][vc_column width=&#8220;1\/6&#8243;][vc_single_image image=&#8220;350&#8243; img_size=&#8220;large&#8220;][\/vc_column][vc_column width=&#8220;2\/6&#8243;][vc_column_text]\nGEWA versteht sich als Partner des Musikinstrumentenhandels und konzentriert sich auf den Bereich der mechanisch-akustischen Musikinstrumente.<\/p>\n<p><a href=\"https:\/\/www.gewamusic.com\/\"  target=\"_blank\"  target=\"_blank\" style=\"color: #AA202B;\" rel=\"noopener\"  class=\"wp-links-icon\">www.gewamusic.com<\/a><br \/>\n[\/vc_column_text][\/vc_column][vc_column width=&#8220;1\/6&#8243;][vc_single_image image=&#8220;298&#8243; img_size=&#8220;large&#8220;][\/vc_column][vc_column width=&#8220;2\/6&#8243;][vc_column_text]\nH\u00f6fner Streichinstrumente &#038; B\u00f6gen,<br \/>\nseit \u00fcber 130 Jahren.<\/p>\n<p><a href=\"http:\/\/www.hofner-strings-bows.com\/\"  target=\"_blank\"  target=\"_blank\" style=\"color: #AA202B;\" rel=\"noopener\"  class=\"wp-links-icon\">www.hofner-strings-bows.com<\/a><br \/>\n[\/vc_column_text][\/vc_column][\/vc_row][vc_row][vc_column width=&#8220;1\/6&#8243;][vc_single_image image=&#8220;299&#8243; img_size=&#8220;large&#8220;][\/vc_column][vc_column width=&#8220;2\/6&#8243;][vc_column_text]\nKORG&#038;MORE ist eine eigenst\u00e4ndige Division der MUSIK MEYER Distribution &#038; Marketing Group \u2013 dem f\u00fchrenden Exklusivvertrieb in der Musikinstrumentenbranche in Europa.<\/p>\n<p><a href=\"http:\/\/www.korgmore.de\/\"  target=\"_blank\"  target=\"_blank\" style=\"color: #AA202B;\" rel=\"noopener\"  class=\"wp-links-icon\">www.korgmore.de<\/a><br \/>\n[\/vc_column_text][\/vc_column][vc_column width=&#8220;1\/6&#8243;][vc_single_image image=&#8220;300&#8243; img_size=&#8220;large&#8220;][\/vc_column][vc_column width=&#8220;2\/6&#8243;][vc_column_text]\nK\u00fcng Blockfl\u00f6tenbau<br \/>\nDie Fl\u00f6tenmanufaktur aus Schaffhausen.<\/p>\n<p><a href=\"http:\/\/www.kueng-blockfloeten.ch\/\"  target=\"_blank\"  target=\"_blank\" style=\"color: #AA202B;\" rel=\"noopener\"  class=\"wp-links-icon\">www.kueng-blockfloeten.ch<\/a><br \/>\n[\/vc_column_text][\/vc_column][\/vc_row][vc_row][vc_column width=&#8220;1\/6&#8243;][vc_single_image image=&#8220;302&#8243; img_size=&#8220;large&#8220;][\/vc_column][vc_column width=&#8220;2\/6&#8243;][vc_column_text]\nMoeck Blockfl\u00f6ten<br \/>\nFl\u00f6tenmanufaktur mit langer Familientradition aus Celle.<\/p>\n<p><a href=\"http:\/\/www.moeck.com\/\"  target=\"_blank\"  target=\"_blank\" style=\"color: #AA202B;\" rel=\"noopener\"  class=\"wp-links-icon\">www.moeck.com<\/a><br \/>\n[\/vc_column_text][\/vc_column][vc_column width=&#8220;1\/6&#8243;][vc_single_image image=&#8220;303&#8243; img_size=&#8220;large&#8220;][\/vc_column][vc_column width=&#8220;2\/6&#8243;][vc_column_text]\nRoderich Paesold &#8211; Streichinstrumente und B\u00f6gen<br \/>\nMade in Germany since 1848<\/p>\n<p><a href=\"http:\/\/www.paesold.com\/\"  target=\"_blank\"  target=\"_blank\" style=\"color: #AA202B;\" rel=\"noopener\"  class=\"wp-links-icon\">www.paesold.com<\/a><br \/>\n[\/vc_column_text][\/vc_column][\/vc_row][vc_row][vc_column width=&#8220;1\/6&#8243;][vc_single_image image=&#8220;306&#8243; img_size=&#8220;large&#8220;][\/vc_column][vc_column width=&#8220;2\/6&#8243;][vc_column_text]\nPirastro &#8211; Saitenmanufaktur seit 1798<br \/>\nSaiten aus Schafsdarm, Kunststoff und Stahl.<\/p>\n<p><a href=\"http:\/\/www.pirastro.com\/\"  target=\"_blank\"  target=\"_blank\" style=\"color: #AA202B;\" rel=\"noopener\"  class=\"wp-links-icon\">www.pirastro.com<\/a><br \/>\n[\/vc_column_text][\/vc_column][vc_column width=&#8220;1\/6&#8243;][vc_single_image image=&#8220;307&#8243; img_size=&#8220;large&#8220;][\/vc_column][vc_column width=&#8220;2\/6&#8243;][vc_column_text]\nJakob Wnter<br \/>\nEdle Etuis f\u00fcr Musikinstrumente in h\u00f6chster Qualit\u00e4t<\/p>\n<p><a href=\"http:\/\/www.jakobwinter.de\/\"  target=\"_blank\"  target=\"_blank\" style=\"color: #AA202B;\" rel=\"noopener\"  class=\"wp-links-icon\">www.jakobwinter.de<\/a><br \/>\n[\/vc_column_text][\/vc_column][\/vc_row][vc_row][vc_column width=&#8220;1\/6&#8243;][vc_single_image image=&#8220;309&#8243; img_size=&#8220;large&#8220;][\/vc_column][vc_column width=&#8220;2\/6&#8243;][vc_column_text]\nDie Stiftung Eben-Ezer ist eine diakonische Einrichtung f\u00fcr Menschen mit geistiger Behinderung und Menschen mit psychischen Beeintr\u00e4chtigungen.<\/p>\n<p><a href=\"https:\/\/www.eben-ezer.de\/\"  target=\"_blank\"  target=\"_blank\" style=\"color: #AA202B;\" rel=\"noopener\"  class=\"wp-links-icon\">www.eben-ezer.de<\/a><br \/>\n[\/vc_column_text][\/vc_column][vc_column width=&#8220;1\/6&#8243;][vc_column_text]\n&nbsp;[\/vc_column_text][\/vc_column][vc_column width=&#8220;2\/6&#8243;][vc_column_text]\n[\/vc_column_text][\/vc_column][\/vc_row]\n<\/div>","protected":false},"excerpt":{"rendered":"<p>[vc_row][vc_column width=&#8220;1\/6&#8243;][vc_single_image image=&#8220;350&#8243; img_size=&#8220;large&#8220;][\/vc_column][vc_column width=&#8220;2\/6&#8243;][vc_column_text] GEWA versteht sich als Partner des Musikinstrumentenhandels und konzentriert sich auf den Bereich der mechanisch-akustischen Musikinstrumente. www.gewamusic.com [\/vc_column_text][\/vc_column][vc_column width=&#8220;1\/6&#8243;][vc_single_image image=&#8220;298&#8243; img_size=&#8220;large&#8220;][\/vc_column][vc_column width=&#8220;2\/6&#8243;][vc_column_text] H\u00f6fner Streichinstrumente &#038; B\u00f6gen, seit \u00fcber 130 Jahren. www.hofner-strings-bows.com [\/vc_column_text][\/vc_column][\/vc_row][vc_row][vc_column width=&#8220;1\/6&#8243;][vc_single_image image=&#8220;299&#8243; img_size=&#8220;large&#8220;][\/vc_column][vc_column width=&#8220;2\/6&#8243;][vc_column_text] KORG&#038;MORE ist eine eigenst\u00e4ndige Division der MUSIK MEYER Distribution &#038; Marketing Group \u2013 dem f\u00fchrenden Exklusivvertrieb in der Musikinstrumentenbranche in Europa. www.korgmore.de [\/vc_column_text][\/vc_column][vc_column width=&#8220;1\/6&#8243;][vc_single_image image=&#8220;300&#8243; img_size=&#8220;large&#8220;][\/vc_column][vc_column width=&#8220;2\/6&#8243;][vc_column_text] K\u00fcng Blockfl\u00f6tenbau [&hellip;]<\/p>\n","protected":false},"author":2,"featured_media":0,"parent":0,"menu_order":0,"comment_status":"closed","ping_status":"closed","template":"","meta":{"footnotes":""},"class_list":["post-26","page","type-page","status-publish","hentry"],"yoast_head":"<!-- This site is optimized with the Yoast SEO plugin v25.6 - https:\/\/yoast.com\/wordpress\/plugins\/seo\/ -->\n<title>Partner - Geigenbau B\u00fcnnagel<\/title>\n<meta name=\"description\" content=\"\u00dcbersicht von Firmen mit denen wir zusammen arbeiten\" \/>\n<meta name=\"robots\" content=\"index, follow, max-snippet:-1, max-image-preview:large, max-video-preview:-1\" \/>\n<link rel=\"canonical\" href=\"https:\/\/geigenbau-buennagel.com\/de\/partner\/\" \/>\n<meta property=\"og:locale\" content=\"de_DE\" \/>\n<meta property=\"og:type\" content=\"article\" \/>\n<meta property=\"og:title\" content=\"Partner - Geigenbau B\u00fcnnagel\" \/>\n<meta property=\"og:description\" content=\"\u00dcbersicht von Firmen mit denen wir zusammen arbeiten\" \/>\n<meta property=\"og:url\" content=\"https:\/\/geigenbau-buennagel.com\/de\/partner\/\" \/>\n<meta property=\"og:site_name\" content=\"Geigenbau B\u00fcnnagel\" \/>\n<meta property=\"article:modified_time\" content=\"2022-01-13T13:29:56+00:00\" \/>\n<meta name=\"twitter:card\" content=\"summary_large_image\" \/>\n<meta name=\"twitter:label1\" content=\"Gesch\u00e4tzte Lesezeit\" \/>\n\t<meta name=\"twitter:data1\" content=\"2\u00a0Minuten\" \/>\n<script type=\"application\/ld+json\" class=\"yoast-schema-graph\">{\"@context\":\"https:\/\/schema.org\",\"@graph\":[{\"@type\":\"WebPage\",\"@id\":\"https:\/\/geigenbau-buennagel.com\/de\/partner\/\",\"url\":\"https:\/\/geigenbau-buennagel.com\/de\/partner\/\",\"name\":\"Partner - Geigenbau B\u00fcnnagel\",\"isPartOf\":{\"@id\":\"https:\/\/geigenbau-buennagel.com\/de\/#website\"},\"datePublished\":\"2017-06-22T21:04:21+00:00\",\"dateModified\":\"2022-01-13T13:29:56+00:00\",\"description\":\"\u00dcbersicht von Firmen mit denen wir zusammen arbeiten\",\"inLanguage\":\"de\",\"potentialAction\":[{\"@type\":\"ReadAction\",\"target\":[\"https:\/\/geigenbau-buennagel.com\/de\/partner\/\"]}]},{\"@type\":\"WebSite\",\"@id\":\"https:\/\/geigenbau-buennagel.com\/de\/#website\",\"url\":\"https:\/\/geigenbau-buennagel.com\/de\/\",\"name\":\"Geigenbau B\u00fcnnagel\",\"description\":\"Verkauf, Verleih, Reparatur, Restauration hochwertiger Streichinstrumente seit 1929\",\"potentialAction\":[{\"@type\":\"SearchAction\",\"target\":{\"@type\":\"EntryPoint\",\"urlTemplate\":\"https:\/\/geigenbau-buennagel.com\/de\/?s={search_term_string}\"},\"query-input\":{\"@type\":\"PropertyValueSpecification\",\"valueRequired\":true,\"valueName\":\"search_term_string\"}}],\"inLanguage\":\"de\"}]}<\/script>\n<!-- \/ Yoast SEO plugin. -->","yoast_head_json":{"title":"Partner - Geigenbau B\u00fcnnagel","description":"\u00dcbersicht von Firmen mit denen wir zusammen arbeiten","robots":{"index":"index","follow":"follow","max-snippet":"max-snippet:-1","max-image-preview":"max-image-preview:large","max-video-preview":"max-video-preview:-1"},"canonical":"https:\/\/geigenbau-buennagel.com\/de\/partner\/","og_locale":"de_DE","og_type":"article","og_title":"Partner - Geigenbau B\u00fcnnagel","og_description":"\u00dcbersicht von Firmen mit denen wir zusammen arbeiten","og_url":"https:\/\/geigenbau-buennagel.com\/de\/partner\/","og_site_name":"Geigenbau B\u00fcnnagel","article_modified_time":"2022-01-13T13:29:56+00:00","twitter_card":"summary_large_image","twitter_misc":{"Gesch\u00e4tzte Lesezeit":"2\u00a0Minuten"},"schema":{"@context":"https:\/\/schema.org","@graph":[{"@type":"WebPage","@id":"https:\/\/geigenbau-buennagel.com\/de\/partner\/","url":"https:\/\/geigenbau-buennagel.com\/de\/partner\/","name":"Partner - Geigenbau B\u00fcnnagel","isPartOf":{"@id":"https:\/\/geigenbau-buennagel.com\/de\/#website"},"datePublished":"2017-06-22T21:04:21+00:00","dateModified":"2022-01-13T13:29:56+00:00","description":"\u00dcbersicht von Firmen mit denen wir zusammen arbeiten","inLanguage":"de","potentialAction":[{"@type":"ReadAction","target":["https:\/\/geigenbau-buennagel.com\/de\/partner\/"]}]},{"@type":"WebSite","@id":"https:\/\/geigenbau-buennagel.com\/de\/#website","url":"https:\/\/geigenbau-buennagel.com\/de\/","name":"Geigenbau B\u00fcnnagel","description":"Verkauf, Verleih, Reparatur, Restauration hochwertiger Streichinstrumente seit 1929","potentialAction":[{"@type":"SearchAction","target":{"@type":"EntryPoint","urlTemplate":"https:\/\/geigenbau-buennagel.com\/de\/?s={search_term_string}"},"query-input":{"@type":"PropertyValueSpecification","valueRequired":true,"valueName":"search_term_string"}}],"inLanguage":"de"}]}},"_links":{"self":[{"href":"https:\/\/geigenbau-buennagel.com\/de\/wp-json\/wp\/v2\/pages\/26"}],"collection":[{"href":"https:\/\/geigenbau-buennagel.com\/de\/wp-json\/wp\/v2\/pages"}],"about":[{"href":"https:\/\/geigenbau-buennagel.com\/de\/wp-json\/wp\/v2\/types\/page"}],"author":[{"embeddable":true,"href":"https:\/\/geigenbau-buennagel.com\/de\/wp-json\/wp\/v2\/users\/2"}],"replies":[{"embeddable":true,"href":"https:\/\/geigenbau-buennagel.com\/de\/wp-json\/wp\/v2\/comments?post=26"}],"version-history":[{"count":0,"href":"https:\/\/geigenbau-buennagel.com\/de\/wp-json\/wp\/v2\/pages\/26\/revisions"}],"wp:attachment":[{"href":"https:\/\/geigenbau-buennagel.com\/de\/wp-json\/wp\/v2\/media?parent=26"}],"curies":[{"name":"wp","href":"https:\/\/api.w.org\/{rel}","templated":true}]}}